{"id":1276,"date":"2025-11-13T11:46:32","date_gmt":"2025-11-13T10:46:32","guid":{"rendered":"https:\/\/www.authenticanutrition.com\/?post_type=product&#038;p=1276"},"modified":"2025-11-24T14:04:39","modified_gmt":"2025-11-24T13:04:39","slug":"pure-iso-whey-yava-labs-2kg","status":"publish","type":"product","link":"https:\/\/www.authenticanutrition.com\/index.php\/produit\/pure-iso-whey-yava-labs-2kg\/","title":{"rendered":"Pure Iso Whey &#8211; Yava Labs-2kg"},"content":{"rendered":"<p data-start=\"0\" data-end=\"31\"><strong data-start=\"0\" data-end=\"29\">Pure Iso Whey \u2013 Yava Labs<\/strong><\/p>\n<p data-start=\"33\" data-end=\"250\">Optimisez vos performances avec <strong data-start=\"65\" data-end=\"82\">Pure Iso Whey<\/strong>, la prot\u00e9ine de lactos\u00e9rum isol\u00e9e id\u00e9ale pour la r\u00e9cup\u00e9ration et la croissance musculaire. Sa formule pure et l\u00e9g\u00e8re s\u2019int\u00e8gre parfaitement \u00e0 votre routine sportive.<\/p>\n<ul data-start=\"252\" data-end=\"630\">\n<li data-start=\"252\" data-end=\"340\">\n<p data-start=\"254\" data-end=\"340\"><strong data-start=\"257\" data-end=\"285\">25g de prot\u00e9ines isol\u00e9es<\/strong> par portion pour un d\u00e9veloppement musculaire optimal<\/p>\n<\/li>\n<li data-start=\"341\" data-end=\"414\">\n<p data-start=\"343\" data-end=\"414\"><strong data-start=\"345\" data-end=\"366\">Absorption rapide<\/strong> pour une r\u00e9cup\u00e9ration efficace apr\u00e8s l\u2019effort<\/p>\n<\/li>\n<li data-start=\"415\" data-end=\"477\">\n<p data-start=\"417\" data-end=\"477\"><strong data-start=\"420\" data-end=\"440\">Digestion facile<\/strong> gr\u00e2ce \u00e0 une formule l\u00e9g\u00e8re et pure<\/p>\n<\/li>\n<li data-start=\"478\" data-end=\"554\">\n<p data-start=\"480\" data-end=\"554\"><strong data-start=\"483\" data-end=\"520\">Faible en glucides et en graisses<\/strong> pour un apport propre et pr\u00e9cis<\/p>\n<\/li>\n<li data-start=\"555\" data-end=\"630\">\n<p data-start=\"557\" data-end=\"630\">Parfait avant ou apr\u00e8s l\u2019entra\u00eenement, ou \u00e0 tout moment de la journ\u00e9e<\/p>\n<\/li>\n<\/ul>\n","protected":false},"excerpt":{"rendered":"<p>Pure Iso Whey \u2013 Yava Labs Optimisez vos performances avec Pure Iso Whey, la prot\u00e9ine de lactos\u00e9rum isol\u00e9e id\u00e9ale pour [&hellip;]<\/p>\n","protected":false},"featured_media":1280,"comment_status":"open","ping_status":"closed","template":"","meta":{"site-sidebar-layout":"default","site-content-layout":"","ast-site-content-layout":"default","site-content-style":"default","site-sidebar-style":"default","ast-global-header-display":"","ast-banner-title-visibility":"","ast-main-header-display":"","ast-hfb-above-header-display":"","ast-hfb-below-header-display":"","ast-hfb-mobile-header-display":"","site-post-title":"","ast-breadcrumbs-content":"","ast-featured-img":"","footer-sml-layout":"","ast-disable-related-posts":"","theme-transparent-header-meta":"default","adv-header-id-meta":"","stick-header-meta":"","header-above-stick-meta":"","header-main-stick-meta":"","header-below-stick-meta":"","astra-migrate-meta-layouts":"set","ast-page-background-enabled":"default","ast-page-background-meta":{"desktop":{"background-color":"var(--ast-global-color-5)","background-image":"","background-repeat":"repeat","background-position":"center center","background-size":"auto","background-attachment":"scroll","background-type":"","background-media":"","overlay-type":"","overlay-color":"","overlay-opacity":"","overlay-gradient":""},"tablet":{"background-color":"","background-image":"","background-repeat":"repeat","background-position":"center center","background-size":"auto","background-attachment":"scroll","background-type":"","background-media":"","overlay-type":"","overlay-color":"","overlay-opacity":"","overlay-gradient":""},"mobile":{"background-color":"","background-image":"","background-repeat":"repeat","background-position":"center center","background-size":"auto","background-attachment":"scroll","background-type":"","background-media":"","overlay-type":"","overlay-color":"","overlay-opacity":"","overlay-gradient":""}},"ast-content-background-meta":{"desktop":{"background-color":"var(--ast-global-color-4)","background-image":"","background-repeat":"repeat","background-position":"center center","background-size":"auto","background-attachment":"scroll","background-type":"","background-media":"","overlay-type":"","overlay-color":"","overlay-opacity":"","overlay-gradient":""},"tablet":{"background-color":"var(--ast-global-color-4)","background-image":"","background-repeat":"repeat","background-position":"center center","background-size":"auto","background-attachment":"scroll","background-type":"","background-media":"","overlay-type":"","overlay-color":"","overlay-opacity":"","overlay-gradient":""},"mobile":{"background-color":"var(--ast-global-color-4)","background-image":"","background-repeat":"repeat","background-position":"center center","background-size":"auto","background-attachment":"scroll","background-type":"","background-media":"","overlay-type":"","overlay-color":"","overlay-opacity":"","overlay-gradient":""}}},"product_brand":[48],"product_cat":[19],"product_tag":[],"class_list":{"0":"post-1276","1":"product","2":"type-product","3":"status-publish","4":"has-post-thumbnail","6":"product_brand-yava-labs","7":"product_cat-whey","8":"desktop-align-left","9":"tablet-align-left","10":"mobile-align-left","12":"first","13":"instock","14":"sale","15":"shipping-taxable","16":"purchasable","17":"product-type-simple"},"yoast_head":"<!-- This site is optimized with the Yoast SEO plugin v26.5 - https:\/\/yoast.com\/wordpress\/plugins\/seo\/ -->\n<title>Pure Iso Whey - Yava Labs-2kg - Authentica nutrition<\/title>\n<meta name=\"robots\" content=\"index, follow, max-snippet:-1, max-image-preview:large, max-video-preview:-1\" \/>\n<link rel=\"canonical\" href=\"https:\/\/www.authenticanutrition.com\/index.php\/produit\/pure-iso-whey-yava-labs-2kg\/\" \/>\n<meta property=\"og:locale\" content=\"fr_FR\" \/>\n<meta property=\"og:type\" content=\"article\" \/>\n<meta property=\"og:title\" content=\"Pure Iso Whey - Yava Labs-2kg - Authentica nutrition\" \/>\n<meta property=\"og:description\" content=\"Pure Iso Whey \u2013 Yava Labs Optimisez vos performances avec Pure Iso Whey, la prot\u00e9ine de lactos\u00e9rum isol\u00e9e id\u00e9ale pour [&hellip;]\" \/>\n<meta property=\"og:url\" content=\"https:\/\/www.authenticanutrition.com\/index.php\/produit\/pure-iso-whey-yava-labs-2kg\/\" \/>\n<meta property=\"og:site_name\" content=\"Authentica nutrition\" \/>\n<meta property=\"article:publisher\" content=\"https:\/\/www.facebook.com\/authenticanutrition?rdid=sd9vEoU5qlbx1xbW&amp;share_url=httpswww.facebook.comshare14zMGfJi8S#\" \/>\n<meta property=\"article:modified_time\" content=\"2025-11-24T13:04:39+00:00\" \/>\n<meta property=\"og:image\" content=\"https:\/\/www.authenticanutrition.com\/wp-content\/uploads\/2025\/11\/30.png\" \/>\n\t<meta property=\"og:image:width\" content=\"800\" \/>\n\t<meta property=\"og:image:height\" content=\"800\" \/>\n\t<meta property=\"og:image:type\" content=\"image\/png\" \/>\n<meta name=\"twitter:card\" content=\"summary_large_image\" \/>\n<meta name=\"twitter:label1\" content=\"Dur\u00e9e de lecture estim\u00e9e\" \/>\n\t<meta name=\"twitter:data1\" content=\"1 minute\" \/>\n<script type=\"application\/ld+json\" class=\"yoast-schema-graph\">{\"@context\":\"https:\/\/schema.org\",\"@graph\":[{\"@type\":\"WebPage\",\"@id\":\"https:\/\/www.authenticanutrition.com\/index.php\/produit\/pure-iso-whey-yava-labs-2kg\/\",\"url\":\"https:\/\/www.authenticanutrition.com\/index.php\/produit\/pure-iso-whey-yava-labs-2kg\/\",\"name\":\"Pure Iso Whey - Yava Labs-2kg - Authentica nutrition\",\"isPartOf\":{\"@id\":\"https:\/\/www.authenticanutrition.com\/#website\"},\"primaryImageOfPage\":{\"@id\":\"https:\/\/www.authenticanutrition.com\/index.php\/produit\/pure-iso-whey-yava-labs-2kg\/#primaryimage\"},\"image\":{\"@id\":\"https:\/\/www.authenticanutrition.com\/index.php\/produit\/pure-iso-whey-yava-labs-2kg\/#primaryimage\"},\"thumbnailUrl\":\"https:\/\/i0.wp.com\/www.authenticanutrition.com\/wp-content\/uploads\/2025\/11\/30.png?fit=800%2C800&ssl=1\",\"datePublished\":\"2025-11-13T10:46:32+00:00\",\"dateModified\":\"2025-11-24T13:04:39+00:00\",\"breadcrumb\":{\"@id\":\"https:\/\/www.authenticanutrition.com\/index.php\/produit\/pure-iso-whey-yava-labs-2kg\/#breadcrumb\"},\"inLanguage\":\"fr-FR\",\"potentialAction\":[{\"@type\":\"ReadAction\",\"target\":[\"https:\/\/www.authenticanutrition.com\/index.php\/produit\/pure-iso-whey-yava-labs-2kg\/\"]}]},{\"@type\":\"ImageObject\",\"inLanguage\":\"fr-FR\",\"@id\":\"https:\/\/www.authenticanutrition.com\/index.php\/produit\/pure-iso-whey-yava-labs-2kg\/#primaryimage\",\"url\":\"https:\/\/i0.wp.com\/www.authenticanutrition.com\/wp-content\/uploads\/2025\/11\/30.png?fit=800%2C800&ssl=1\",\"contentUrl\":\"https:\/\/i0.wp.com\/www.authenticanutrition.com\/wp-content\/uploads\/2025\/11\/30.png?fit=800%2C800&ssl=1\",\"width\":800,\"height\":800},{\"@type\":\"BreadcrumbList\",\"@id\":\"https:\/\/www.authenticanutrition.com\/index.php\/produit\/pure-iso-whey-yava-labs-2kg\/#breadcrumb\",\"itemListElement\":[{\"@type\":\"ListItem\",\"position\":1,\"name\":\"Accueil\",\"item\":\"https:\/\/www.authenticanutrition.com\/\"},{\"@type\":\"ListItem\",\"position\":2,\"name\":\"Boutique\",\"item\":\"https:\/\/www.authenticanutrition.com\/index.php\/boutique\/\"},{\"@type\":\"ListItem\",\"position\":3,\"name\":\"Pure Iso Whey &#8211; Yava Labs-2kg\"}]},{\"@type\":\"WebSite\",\"@id\":\"https:\/\/www.authenticanutrition.com\/#website\",\"url\":\"https:\/\/www.authenticanutrition.com\/\",\"name\":\"Authentica nutrition\",\"description\":\"\",\"publisher\":{\"@id\":\"https:\/\/www.authenticanutrition.com\/#organization\"},\"potentialAction\":[{\"@type\":\"SearchAction\",\"target\":{\"@type\":\"EntryPoint\",\"urlTemplate\":\"https:\/\/www.authenticanutrition.com\/?s={search_term_string}\"},\"query-input\":{\"@type\":\"PropertyValueSpecification\",\"valueRequired\":true,\"valueName\":\"search_term_string\"}}],\"inLanguage\":\"fr-FR\"},{\"@type\":\"Organization\",\"@id\":\"https:\/\/www.authenticanutrition.com\/#organization\",\"name\":\"Authentica nutrition\",\"url\":\"https:\/\/www.authenticanutrition.com\/\",\"logo\":{\"@type\":\"ImageObject\",\"inLanguage\":\"fr-FR\",\"@id\":\"https:\/\/www.authenticanutrition.com\/#\/schema\/logo\/image\/\",\"url\":\"https:\/\/www.authenticanutrition.com\/wp-content\/uploads\/2025\/07\/authantika-1.png\",\"contentUrl\":\"https:\/\/www.authenticanutrition.com\/wp-content\/uploads\/2025\/07\/authantika-1.png\",\"width\":512,\"height\":512,\"caption\":\"Authentica nutrition\"},\"image\":{\"@id\":\"https:\/\/www.authenticanutrition.com\/#\/schema\/logo\/image\/\"},\"sameAs\":[\"https:\/\/www.facebook.com\/authenticanutrition?rdid=sd9vEoU5qlbx1xbW&share_url=httpswww.facebook.comshare14zMGfJi8S#\"]}]}<\/script>\n<!-- \/ Yoast SEO plugin. -->","yoast_head_json":{"title":"Pure Iso Whey - Yava Labs-2kg - Authentica nutrition","robots":{"index":"index","follow":"follow","max-snippet":"max-snippet:-1","max-image-preview":"max-image-preview:large","max-video-preview":"max-video-preview:-1"},"canonical":"https:\/\/www.authenticanutrition.com\/index.php\/produit\/pure-iso-whey-yava-labs-2kg\/","og_locale":"fr_FR","og_type":"article","og_title":"Pure Iso Whey - Yava Labs-2kg - Authentica nutrition","og_description":"Pure Iso Whey \u2013 Yava Labs Optimisez vos performances avec Pure Iso Whey, la prot\u00e9ine de lactos\u00e9rum isol\u00e9e id\u00e9ale pour [&hellip;]","og_url":"https:\/\/www.authenticanutrition.com\/index.php\/produit\/pure-iso-whey-yava-labs-2kg\/","og_site_name":"Authentica nutrition","article_publisher":"https:\/\/www.facebook.com\/authenticanutrition?rdid=sd9vEoU5qlbx1xbW&share_url=httpswww.facebook.comshare14zMGfJi8S#","article_modified_time":"2025-11-24T13:04:39+00:00","og_image":[{"width":800,"height":800,"url":"https:\/\/www.authenticanutrition.com\/wp-content\/uploads\/2025\/11\/30.png","type":"image\/png"}],"twitter_card":"summary_large_image","twitter_misc":{"Dur\u00e9e de lecture estim\u00e9e":"1 minute"},"schema":{"@context":"https:\/\/schema.org","@graph":[{"@type":"WebPage","@id":"https:\/\/www.authenticanutrition.com\/index.php\/produit\/pure-iso-whey-yava-labs-2kg\/","url":"https:\/\/www.authenticanutrition.com\/index.php\/produit\/pure-iso-whey-yava-labs-2kg\/","name":"Pure Iso Whey - Yava Labs-2kg - Authentica nutrition","isPartOf":{"@id":"https:\/\/www.authenticanutrition.com\/#website"},"primaryImageOfPage":{"@id":"https:\/\/www.authenticanutrition.com\/index.php\/produit\/pure-iso-whey-yava-labs-2kg\/#primaryimage"},"image":{"@id":"https:\/\/www.authenticanutrition.com\/index.php\/produit\/pure-iso-whey-yava-labs-2kg\/#primaryimage"},"thumbnailUrl":"https:\/\/i0.wp.com\/www.authenticanutrition.com\/wp-content\/uploads\/2025\/11\/30.png?fit=800%2C800&ssl=1","datePublished":"2025-11-13T10:46:32+00:00","dateModified":"2025-11-24T13:04:39+00:00","breadcrumb":{"@id":"https:\/\/www.authenticanutrition.com\/index.php\/produit\/pure-iso-whey-yava-labs-2kg\/#breadcrumb"},"inLanguage":"fr-FR","potentialAction":[{"@type":"ReadAction","target":["https:\/\/www.authenticanutrition.com\/index.php\/produit\/pure-iso-whey-yava-labs-2kg\/"]}]},{"@type":"ImageObject","inLanguage":"fr-FR","@id":"https:\/\/www.authenticanutrition.com\/index.php\/produit\/pure-iso-whey-yava-labs-2kg\/#primaryimage","url":"https:\/\/i0.wp.com\/www.authenticanutrition.com\/wp-content\/uploads\/2025\/11\/30.png?fit=800%2C800&ssl=1","contentUrl":"https:\/\/i0.wp.com\/www.authenticanutrition.com\/wp-content\/uploads\/2025\/11\/30.png?fit=800%2C800&ssl=1","width":800,"height":800},{"@type":"BreadcrumbList","@id":"https:\/\/www.authenticanutrition.com\/index.php\/produit\/pure-iso-whey-yava-labs-2kg\/#breadcrumb","itemListElement":[{"@type":"ListItem","position":1,"name":"Accueil","item":"https:\/\/www.authenticanutrition.com\/"},{"@type":"ListItem","position":2,"name":"Boutique","item":"https:\/\/www.authenticanutrition.com\/index.php\/boutique\/"},{"@type":"ListItem","position":3,"name":"Pure Iso Whey &#8211; Yava Labs-2kg"}]},{"@type":"WebSite","@id":"https:\/\/www.authenticanutrition.com\/#website","url":"https:\/\/www.authenticanutrition.com\/","name":"Authentica nutrition","description":"","publisher":{"@id":"https:\/\/www.authenticanutrition.com\/#organization"},"potentialAction":[{"@type":"SearchAction","target":{"@type":"EntryPoint","urlTemplate":"https:\/\/www.authenticanutrition.com\/?s={search_term_string}"},"query-input":{"@type":"PropertyValueSpecification","valueRequired":true,"valueName":"search_term_string"}}],"inLanguage":"fr-FR"},{"@type":"Organization","@id":"https:\/\/www.authenticanutrition.com\/#organization","name":"Authentica nutrition","url":"https:\/\/www.authenticanutrition.com\/","logo":{"@type":"ImageObject","inLanguage":"fr-FR","@id":"https:\/\/www.authenticanutrition.com\/#\/schema\/logo\/image\/","url":"https:\/\/www.authenticanutrition.com\/wp-content\/uploads\/2025\/07\/authantika-1.png","contentUrl":"https:\/\/www.authenticanutrition.com\/wp-content\/uploads\/2025\/07\/authantika-1.png","width":512,"height":512,"caption":"Authentica nutrition"},"image":{"@id":"https:\/\/www.authenticanutrition.com\/#\/schema\/logo\/image\/"},"sameAs":["https:\/\/www.facebook.com\/authenticanutrition?rdid=sd9vEoU5qlbx1xbW&share_url=httpswww.facebook.comshare14zMGfJi8S#"]}]}},"jetpack_sharing_enabled":true,"_links":{"self":[{"href":"https:\/\/www.authenticanutrition.com\/index.php\/wp-json\/wp\/v2\/product\/1276","targetHints":{"allow":["GET"]}}],"collection":[{"href":"https:\/\/www.authenticanutrition.com\/index.php\/wp-json\/wp\/v2\/product"}],"about":[{"href":"https:\/\/www.authenticanutrition.com\/index.php\/wp-json\/wp\/v2\/types\/product"}],"replies":[{"embeddable":true,"href":"https:\/\/www.authenticanutrition.com\/index.php\/wp-json\/wp\/v2\/comments?post=1276"}],"wp:featuredmedia":[{"embeddable":true,"href":"https:\/\/www.authenticanutrition.com\/index.php\/wp-json\/wp\/v2\/media\/1280"}],"wp:attachment":[{"href":"https:\/\/www.authenticanutrition.com\/index.php\/wp-json\/wp\/v2\/media?parent=1276"}],"wp:term":[{"taxonomy":"product_brand","embeddable":true,"href":"https:\/\/www.authenticanutrition.com\/index.php\/wp-json\/wp\/v2\/product_brand?post=1276"},{"taxonomy":"product_cat","embeddable":true,"href":"https:\/\/www.authenticanutrition.com\/index.php\/wp-json\/wp\/v2\/product_cat?post=1276"},{"taxonomy":"product_tag","embeddable":true,"href":"https:\/\/www.authenticanutrition.com\/index.php\/wp-json\/wp\/v2\/product_tag?post=1276"}],"curies":[{"name":"wp","href":"https:\/\/api.w.org\/{rel}","templated":true}]}}