{"id":1323,"date":"2025-11-13T14:55:57","date_gmt":"2025-11-13T13:55:57","guid":{"rendered":"https:\/\/www.authenticanutrition.com\/?post_type=product&#038;p=1323"},"modified":"2026-02-16T16:15:39","modified_gmt":"2026-02-16T15:15:39","slug":"premium-whey-900gr","status":"publish","type":"product","link":"https:\/\/www.authenticanutrition.com\/index.php\/produit\/premium-whey-900gr\/","title":{"rendered":"PREMIUM WHEY 900GR"},"content":{"rendered":"<h2 data-start=\"211\" data-end=\"267\"><strong data-start=\"217\" data-end=\"267\">Premium Whey \u2013 La Prot\u00e9ine Pure et Performante<\/strong><\/h2>\n<p data-start=\"269\" data-end=\"654\"><strong data-start=\"269\" data-end=\"285\">Premium Whey<\/strong> est une prot\u00e9ine de lactos\u00e9rum hautement anabolique, riche en acides amin\u00e9s essentiels pour stimuler efficacement la <strong data-start=\"403\" data-end=\"425\">synth\u00e8se prot\u00e9ique<\/strong> et favoriser une <strong data-start=\"443\" data-end=\"466\">r\u00e9cup\u00e9ration rapide<\/strong> apr\u00e8s l\u2019entra\u00eenement.<br data-start=\"488\" data-end=\"491\" \/>Gr\u00e2ce \u00e0 son absorption rapide (jusqu\u2019\u00e0 <strong data-start=\"530\" data-end=\"548\">15 g par heure<\/strong>), elle apporte imm\u00e9diatement \u00e0 votre organisme les nutriments n\u00e9cessaires \u00e0 la reconstruction musculaire.<\/p>\n<hr data-start=\"656\" data-end=\"659\" \/>\n<h3 data-start=\"661\" data-end=\"688\"><strong data-start=\"668\" data-end=\"688\">Les points forts<\/strong><\/h3>\n<ul data-start=\"689\" data-end=\"1207\">\n<li data-start=\"689\" data-end=\"777\">\n<p data-start=\"691\" data-end=\"777\"><strong data-start=\"694\" data-end=\"730\">Prot\u00e9ine 100% d\u2019origine laiti\u00e8re<\/strong> \u2014 pure, naturelle et hautement biodisponible<\/p>\n<\/li>\n<li data-start=\"778\" data-end=\"860\">\n<p data-start=\"780\" data-end=\"860\"><strong data-start=\"782\" data-end=\"815\">Absorption rapide (10\u201315 g\/h)<\/strong> pour une action post-entra\u00eenement optimale<\/p>\n<\/li>\n<li data-start=\"861\" data-end=\"936\">\n<p data-start=\"863\" data-end=\"936\"><strong data-start=\"866\" data-end=\"934\">Sans conservateurs, ni colorants synth\u00e9tiques, ni sucres ajout\u00e9s<\/strong><\/p>\n<\/li>\n<li data-start=\"937\" data-end=\"1036\">\n<p data-start=\"939\" data-end=\"1036\"><strong data-start=\"942\" data-end=\"979\">Riche en acides amin\u00e9s essentiels<\/strong> favorisant la croissance et la r\u00e9cup\u00e9ration musculaire<\/p>\n<\/li>\n<li data-start=\"1037\" data-end=\"1163\">\n<p data-start=\"1039\" data-end=\"1163\"><strong data-start=\"1042\" data-end=\"1083\">Glucides naturels issus du lactos\u00e9rum<\/strong> (1.7 g de lactose par portion) \u2014 tol\u00e9rables m\u00eame pour les personnes sensibles<\/p>\n<\/li>\n<li data-start=\"1164\" data-end=\"1207\">\n<p data-start=\"1166\" data-end=\"1207\"><strong data-start=\"1169\" data-end=\"1207\">Sans aspartame, sans amino-spiking<\/strong><\/p>\n<\/li>\n<\/ul>\n<hr data-start=\"1209\" data-end=\"1212\" \/>\n<h3 data-start=\"1214\" data-end=\"1247\"><strong data-start=\"1221\" data-end=\"1247\">Conseils d\u2019utilisation<\/strong><\/h3>\n<ul data-start=\"1248\" data-end=\"1628\">\n<li data-start=\"1248\" data-end=\"1333\">\n<p data-start=\"1250\" data-end=\"1333\">M\u00e9langez <strong data-start=\"1259\" data-end=\"1276\">1 dose (30 g)<\/strong> de <em data-start=\"1280\" data-end=\"1294\">Premium Whey<\/em> avec <strong data-start=\"1300\" data-end=\"1331\">180\u2013200 ml d\u2019eau ou de lait<\/strong><\/p>\n<\/li>\n<li data-start=\"1334\" data-end=\"1410\">\n<p data-start=\"1336\" data-end=\"1410\">Agitez \u00e9nergiquement et consommez <strong data-start=\"1370\" data-end=\"1408\">imm\u00e9diatement apr\u00e8s l\u2019entra\u00eenement<\/strong><\/p>\n<\/li>\n<li data-start=\"1411\" data-end=\"1506\">\n<p data-start=\"1413\" data-end=\"1506\">Peut \u00e9galement \u00eatre prise <strong data-start=\"1439\" data-end=\"1470\">\u00e0 tout moment de la journ\u00e9e<\/strong> pour compl\u00e9ter l\u2019apport prot\u00e9ique<\/p>\n<\/li>\n<li data-start=\"1507\" data-end=\"1628\">\n<p data-start=\"1509\" data-end=\"1628\">Pour un apport renforc\u00e9, une <strong data-start=\"1538\" data-end=\"1558\">deuxi\u00e8me portion<\/strong> peut \u00eatre consomm\u00e9e entre les repas selon les besoins nutritionnels<\/p>\n<\/li>\n<\/ul>\n<hr data-start=\"1630\" data-end=\"1633\" \/>\n<h3 data-start=\"1635\" data-end=\"1657\"><strong data-start=\"1642\" data-end=\"1657\">Ingr\u00e9dients<\/strong><\/h3>\n<p data-start=\"1658\" data-end=\"1900\">Concentr\u00e9 natif de prot\u00e9ines de lactos\u00e9rum (avec l\u00e9cithine de tournesol), poudre de cacao alcalinis\u00e9e, ar\u00f4mes, \u00e9paississant (carboxym\u00e9thylcellulose sodique), chlorure de sodium, \u00e9dulcorant (sucralose), colorant naturel (rouge de betterave).<\/p>\n<p data-start=\"1902\" data-end=\"2013\">\u2705 Sans sucre ajout\u00e9<br data-start=\"1921\" data-end=\"1924\" \/>\u2705 Sans conservateurs ni colorants de synth\u00e8se<br data-start=\"1969\" data-end=\"1972\" \/>\u2705 Sans aspartame<br data-start=\"1988\" data-end=\"1991\" \/>\u2705 Sans amino-spiking<\/p>\n","protected":false},"excerpt":{"rendered":"<p>Premium Whey \u2013 La Prot\u00e9ine Pure et Performante Premium Whey est une prot\u00e9ine de lactos\u00e9rum hautement anabolique, riche en acides [&hellip;]<\/p>\n","protected":false},"featured_media":1324,"comment_status":"open","ping_status":"closed","template":"","meta":{"site-sidebar-layout":"default","site-content-layout":"","ast-site-content-layout":"default","site-content-style":"default","site-sidebar-style":"default","ast-global-header-display":"","ast-banner-title-visibility":"","ast-main-header-display":"","ast-hfb-above-header-display":"","ast-hfb-below-header-display":"","ast-hfb-mobile-header-display":"","site-post-title":"","ast-breadcrumbs-content":"","ast-featured-img":"","footer-sml-layout":"","ast-disable-related-posts":"","theme-transparent-header-meta":"default","adv-header-id-meta":"","stick-header-meta":"","header-above-stick-meta":"","header-main-stick-meta":"","header-below-stick-meta":"","astra-migrate-meta-layouts":"set","ast-page-background-enabled":"default","ast-page-background-meta":{"desktop":{"background-color":"var(--ast-global-color-5)","background-image":"","background-repeat":"repeat","background-position":"center center","background-size":"auto","background-attachment":"scroll","background-type":"","background-media":"","overlay-type":"","overlay-color":"","overlay-opacity":"","overlay-gradient":""},"tablet":{"background-color":"","background-image":"","background-repeat":"repeat","background-position":"center center","background-size":"auto","background-attachment":"scroll","background-type":"","background-media":"","overlay-type":"","overlay-color":"","overlay-opacity":"","overlay-gradient":""},"mobile":{"background-color":"","background-image":"","background-repeat":"repeat","background-position":"center center","background-size":"auto","background-attachment":"scroll","background-type":"","background-media":"","overlay-type":"","overlay-color":"","overlay-opacity":"","overlay-gradient":""}},"ast-content-background-meta":{"desktop":{"background-color":"var(--ast-global-color-4)","background-image":"","background-repeat":"repeat","background-position":"center center","background-size":"auto","background-attachment":"scroll","background-type":"","background-media":"","overlay-type":"","overlay-color":"","overlay-opacity":"","overlay-gradient":""},"tablet":{"background-color":"var(--ast-global-color-4)","background-image":"","background-repeat":"repeat","background-position":"center center","background-size":"auto","background-attachment":"scroll","background-type":"","background-media":"","overlay-type":"","overlay-color":"","overlay-opacity":"","overlay-gradient":""},"mobile":{"background-color":"var(--ast-global-color-4)","background-image":"","background-repeat":"repeat","background-position":"center center","background-size":"auto","background-attachment":"scroll","background-type":"","background-media":"","overlay-type":"","overlay-color":"","overlay-opacity":"","overlay-gradient":""}}},"product_brand":[],"product_cat":[19],"product_tag":[],"class_list":{"0":"post-1323","1":"product","2":"type-product","3":"status-publish","4":"has-post-thumbnail","6":"product_cat-whey","7":"desktop-align-left","8":"tablet-align-left","9":"mobile-align-left","11":"first","12":"instock","13":"shipping-taxable","14":"purchasable","15":"product-type-simple"},"yoast_head":"<!-- This site is optimized with the Yoast SEO plugin v26.5 - https:\/\/yoast.com\/wordpress\/plugins\/seo\/ -->\n<title>PREMIUM WHEY 900GR - Authentica nutrition<\/title>\n<meta name=\"robots\" content=\"index, follow, max-snippet:-1, max-image-preview:large, max-video-preview:-1\" \/>\n<link rel=\"canonical\" href=\"https:\/\/www.authenticanutrition.com\/index.php\/produit\/premium-whey-900gr\/\" \/>\n<meta property=\"og:locale\" content=\"fr_FR\" \/>\n<meta property=\"og:type\" content=\"article\" \/>\n<meta property=\"og:title\" content=\"PREMIUM WHEY 900GR - Authentica nutrition\" \/>\n<meta property=\"og:description\" content=\"Premium Whey \u2013 La Prot\u00e9ine Pure et Performante Premium Whey est une prot\u00e9ine de lactos\u00e9rum hautement anabolique, riche en acides [&hellip;]\" \/>\n<meta property=\"og:url\" content=\"https:\/\/www.authenticanutrition.com\/index.php\/produit\/premium-whey-900gr\/\" \/>\n<meta property=\"og:site_name\" content=\"Authentica nutrition\" \/>\n<meta property=\"article:publisher\" content=\"https:\/\/www.facebook.com\/authenticanutrition?rdid=sd9vEoU5qlbx1xbW&amp;share_url=httpswww.facebook.comshare14zMGfJi8S#\" \/>\n<meta property=\"article:modified_time\" content=\"2026-02-16T15:15:39+00:00\" \/>\n<meta property=\"og:image\" content=\"https:\/\/www.authenticanutrition.com\/wp-content\/uploads\/2025\/11\/35.png\" \/>\n\t<meta property=\"og:image:width\" content=\"800\" \/>\n\t<meta property=\"og:image:height\" content=\"800\" \/>\n\t<meta property=\"og:image:type\" content=\"image\/png\" \/>\n<meta name=\"twitter:card\" content=\"summary_large_image\" \/>\n<meta name=\"twitter:label1\" content=\"Dur\u00e9e de lecture estim\u00e9e\" \/>\n\t<meta name=\"twitter:data1\" content=\"2 minutes\" \/>\n<script type=\"application\/ld+json\" class=\"yoast-schema-graph\">{\"@context\":\"https:\/\/schema.org\",\"@graph\":[{\"@type\":\"WebPage\",\"@id\":\"https:\/\/www.authenticanutrition.com\/index.php\/produit\/premium-whey-900gr\/\",\"url\":\"https:\/\/www.authenticanutrition.com\/index.php\/produit\/premium-whey-900gr\/\",\"name\":\"PREMIUM WHEY 900GR - Authentica nutrition\",\"isPartOf\":{\"@id\":\"https:\/\/www.authenticanutrition.com\/#website\"},\"primaryImageOfPage\":{\"@id\":\"https:\/\/www.authenticanutrition.com\/index.php\/produit\/premium-whey-900gr\/#primaryimage\"},\"image\":{\"@id\":\"https:\/\/www.authenticanutrition.com\/index.php\/produit\/premium-whey-900gr\/#primaryimage\"},\"thumbnailUrl\":\"https:\/\/i0.wp.com\/www.authenticanutrition.com\/wp-content\/uploads\/2025\/11\/35.png?fit=800%2C800&ssl=1\",\"datePublished\":\"2025-11-13T13:55:57+00:00\",\"dateModified\":\"2026-02-16T15:15:39+00:00\",\"breadcrumb\":{\"@id\":\"https:\/\/www.authenticanutrition.com\/index.php\/produit\/premium-whey-900gr\/#breadcrumb\"},\"inLanguage\":\"fr-FR\",\"potentialAction\":[{\"@type\":\"ReadAction\",\"target\":[\"https:\/\/www.authenticanutrition.com\/index.php\/produit\/premium-whey-900gr\/\"]}]},{\"@type\":\"ImageObject\",\"inLanguage\":\"fr-FR\",\"@id\":\"https:\/\/www.authenticanutrition.com\/index.php\/produit\/premium-whey-900gr\/#primaryimage\",\"url\":\"https:\/\/i0.wp.com\/www.authenticanutrition.com\/wp-content\/uploads\/2025\/11\/35.png?fit=800%2C800&ssl=1\",\"contentUrl\":\"https:\/\/i0.wp.com\/www.authenticanutrition.com\/wp-content\/uploads\/2025\/11\/35.png?fit=800%2C800&ssl=1\",\"width\":800,\"height\":800},{\"@type\":\"BreadcrumbList\",\"@id\":\"https:\/\/www.authenticanutrition.com\/index.php\/produit\/premium-whey-900gr\/#breadcrumb\",\"itemListElement\":[{\"@type\":\"ListItem\",\"position\":1,\"name\":\"Accueil\",\"item\":\"https:\/\/www.authenticanutrition.com\/\"},{\"@type\":\"ListItem\",\"position\":2,\"name\":\"Boutique\",\"item\":\"https:\/\/www.authenticanutrition.com\/index.php\/boutique\/\"},{\"@type\":\"ListItem\",\"position\":3,\"name\":\"PREMIUM WHEY 900GR\"}]},{\"@type\":\"WebSite\",\"@id\":\"https:\/\/www.authenticanutrition.com\/#website\",\"url\":\"https:\/\/www.authenticanutrition.com\/\",\"name\":\"Authentica nutrition\",\"description\":\"\",\"publisher\":{\"@id\":\"https:\/\/www.authenticanutrition.com\/#organization\"},\"potentialAction\":[{\"@type\":\"SearchAction\",\"target\":{\"@type\":\"EntryPoint\",\"urlTemplate\":\"https:\/\/www.authenticanutrition.com\/?s={search_term_string}\"},\"query-input\":{\"@type\":\"PropertyValueSpecification\",\"valueRequired\":true,\"valueName\":\"search_term_string\"}}],\"inLanguage\":\"fr-FR\"},{\"@type\":\"Organization\",\"@id\":\"https:\/\/www.authenticanutrition.com\/#organization\",\"name\":\"Authentica nutrition\",\"url\":\"https:\/\/www.authenticanutrition.com\/\",\"logo\":{\"@type\":\"ImageObject\",\"inLanguage\":\"fr-FR\",\"@id\":\"https:\/\/www.authenticanutrition.com\/#\/schema\/logo\/image\/\",\"url\":\"https:\/\/www.authenticanutrition.com\/wp-content\/uploads\/2025\/07\/authantika-1.png\",\"contentUrl\":\"https:\/\/www.authenticanutrition.com\/wp-content\/uploads\/2025\/07\/authantika-1.png\",\"width\":512,\"height\":512,\"caption\":\"Authentica nutrition\"},\"image\":{\"@id\":\"https:\/\/www.authenticanutrition.com\/#\/schema\/logo\/image\/\"},\"sameAs\":[\"https:\/\/www.facebook.com\/authenticanutrition?rdid=sd9vEoU5qlbx1xbW&share_url=httpswww.facebook.comshare14zMGfJi8S#\"]}]}<\/script>\n<!-- \/ Yoast SEO plugin. -->","yoast_head_json":{"title":"PREMIUM WHEY 900GR - Authentica nutrition","robots":{"index":"index","follow":"follow","max-snippet":"max-snippet:-1","max-image-preview":"max-image-preview:large","max-video-preview":"max-video-preview:-1"},"canonical":"https:\/\/www.authenticanutrition.com\/index.php\/produit\/premium-whey-900gr\/","og_locale":"fr_FR","og_type":"article","og_title":"PREMIUM WHEY 900GR - Authentica nutrition","og_description":"Premium Whey \u2013 La Prot\u00e9ine Pure et Performante Premium Whey est une prot\u00e9ine de lactos\u00e9rum hautement anabolique, riche en acides [&hellip;]","og_url":"https:\/\/www.authenticanutrition.com\/index.php\/produit\/premium-whey-900gr\/","og_site_name":"Authentica nutrition","article_publisher":"https:\/\/www.facebook.com\/authenticanutrition?rdid=sd9vEoU5qlbx1xbW&share_url=httpswww.facebook.comshare14zMGfJi8S#","article_modified_time":"2026-02-16T15:15:39+00:00","og_image":[{"width":800,"height":800,"url":"https:\/\/www.authenticanutrition.com\/wp-content\/uploads\/2025\/11\/35.png","type":"image\/png"}],"twitter_card":"summary_large_image","twitter_misc":{"Dur\u00e9e de lecture estim\u00e9e":"2 minutes"},"schema":{"@context":"https:\/\/schema.org","@graph":[{"@type":"WebPage","@id":"https:\/\/www.authenticanutrition.com\/index.php\/produit\/premium-whey-900gr\/","url":"https:\/\/www.authenticanutrition.com\/index.php\/produit\/premium-whey-900gr\/","name":"PREMIUM WHEY 900GR - Authentica nutrition","isPartOf":{"@id":"https:\/\/www.authenticanutrition.com\/#website"},"primaryImageOfPage":{"@id":"https:\/\/www.authenticanutrition.com\/index.php\/produit\/premium-whey-900gr\/#primaryimage"},"image":{"@id":"https:\/\/www.authenticanutrition.com\/index.php\/produit\/premium-whey-900gr\/#primaryimage"},"thumbnailUrl":"https:\/\/i0.wp.com\/www.authenticanutrition.com\/wp-content\/uploads\/2025\/11\/35.png?fit=800%2C800&ssl=1","datePublished":"2025-11-13T13:55:57+00:00","dateModified":"2026-02-16T15:15:39+00:00","breadcrumb":{"@id":"https:\/\/www.authenticanutrition.com\/index.php\/produit\/premium-whey-900gr\/#breadcrumb"},"inLanguage":"fr-FR","potentialAction":[{"@type":"ReadAction","target":["https:\/\/www.authenticanutrition.com\/index.php\/produit\/premium-whey-900gr\/"]}]},{"@type":"ImageObject","inLanguage":"fr-FR","@id":"https:\/\/www.authenticanutrition.com\/index.php\/produit\/premium-whey-900gr\/#primaryimage","url":"https:\/\/i0.wp.com\/www.authenticanutrition.com\/wp-content\/uploads\/2025\/11\/35.png?fit=800%2C800&ssl=1","contentUrl":"https:\/\/i0.wp.com\/www.authenticanutrition.com\/wp-content\/uploads\/2025\/11\/35.png?fit=800%2C800&ssl=1","width":800,"height":800},{"@type":"BreadcrumbList","@id":"https:\/\/www.authenticanutrition.com\/index.php\/produit\/premium-whey-900gr\/#breadcrumb","itemListElement":[{"@type":"ListItem","position":1,"name":"Accueil","item":"https:\/\/www.authenticanutrition.com\/"},{"@type":"ListItem","position":2,"name":"Boutique","item":"https:\/\/www.authenticanutrition.com\/index.php\/boutique\/"},{"@type":"ListItem","position":3,"name":"PREMIUM WHEY 900GR"}]},{"@type":"WebSite","@id":"https:\/\/www.authenticanutrition.com\/#website","url":"https:\/\/www.authenticanutrition.com\/","name":"Authentica nutrition","description":"","publisher":{"@id":"https:\/\/www.authenticanutrition.com\/#organization"},"potentialAction":[{"@type":"SearchAction","target":{"@type":"EntryPoint","urlTemplate":"https:\/\/www.authenticanutrition.com\/?s={search_term_string}"},"query-input":{"@type":"PropertyValueSpecification","valueRequired":true,"valueName":"search_term_string"}}],"inLanguage":"fr-FR"},{"@type":"Organization","@id":"https:\/\/www.authenticanutrition.com\/#organization","name":"Authentica nutrition","url":"https:\/\/www.authenticanutrition.com\/","logo":{"@type":"ImageObject","inLanguage":"fr-FR","@id":"https:\/\/www.authenticanutrition.com\/#\/schema\/logo\/image\/","url":"https:\/\/www.authenticanutrition.com\/wp-content\/uploads\/2025\/07\/authantika-1.png","contentUrl":"https:\/\/www.authenticanutrition.com\/wp-content\/uploads\/2025\/07\/authantika-1.png","width":512,"height":512,"caption":"Authentica nutrition"},"image":{"@id":"https:\/\/www.authenticanutrition.com\/#\/schema\/logo\/image\/"},"sameAs":["https:\/\/www.facebook.com\/authenticanutrition?rdid=sd9vEoU5qlbx1xbW&share_url=httpswww.facebook.comshare14zMGfJi8S#"]}]}},"jetpack_sharing_enabled":true,"_links":{"self":[{"href":"https:\/\/www.authenticanutrition.com\/index.php\/wp-json\/wp\/v2\/product\/1323","targetHints":{"allow":["GET"]}}],"collection":[{"href":"https:\/\/www.authenticanutrition.com\/index.php\/wp-json\/wp\/v2\/product"}],"about":[{"href":"https:\/\/www.authenticanutrition.com\/index.php\/wp-json\/wp\/v2\/types\/product"}],"replies":[{"embeddable":true,"href":"https:\/\/www.authenticanutrition.com\/index.php\/wp-json\/wp\/v2\/comments?post=1323"}],"wp:featuredmedia":[{"embeddable":true,"href":"https:\/\/www.authenticanutrition.com\/index.php\/wp-json\/wp\/v2\/media\/1324"}],"wp:attachment":[{"href":"https:\/\/www.authenticanutrition.com\/index.php\/wp-json\/wp\/v2\/media?parent=1323"}],"wp:term":[{"taxonomy":"product_brand","embeddable":true,"href":"https:\/\/www.authenticanutrition.com\/index.php\/wp-json\/wp\/v2\/product_brand?post=1323"},{"taxonomy":"product_cat","embeddable":true,"href":"https:\/\/www.authenticanutrition.com\/index.php\/wp-json\/wp\/v2\/product_cat?post=1323"},{"taxonomy":"product_tag","embeddable":true,"href":"https:\/\/www.authenticanutrition.com\/index.php\/wp-json\/wp\/v2\/product_tag?post=1323"}],"curies":[{"name":"wp","href":"https:\/\/api.w.org\/{rel}","templated":true}]}}