{"id":1455,"date":"2025-11-24T13:44:18","date_gmt":"2025-11-24T12:44:18","guid":{"rendered":"https:\/\/www.authenticanutrition.com\/?post_type=product&#038;p=1455"},"modified":"2025-11-24T14:03:00","modified_gmt":"2025-11-24T13:03:00","slug":"whey-isolate-700-gr","status":"publish","type":"product","link":"https:\/\/www.authenticanutrition.com\/index.php\/produit\/whey-isolate-700-gr\/","title":{"rendered":"WHEY ISOLATE 700 GR"},"content":{"rendered":"<h3 data-start=\"138\" data-end=\"189\">100 % prot\u00e9ines issues d\u2019isolat de lactos\u00e9rum<\/h3>\n<p data-start=\"190\" data-end=\"356\">Cette formule est compos\u00e9e exclusivement d\u2019isolat de whey, sans concentr\u00e9, pour garantir une puret\u00e9 maximale, une excellente digestibilit\u00e9 et une absorption optimale.<\/p>\n<h3 data-start=\"358\" data-end=\"411\">Une whey enrichie pour des performances accrues<\/h3>\n<p data-start=\"412\" data-end=\"522\">Chaque portion offre un profil amin\u00e9 puissant, naturellement riche et renforc\u00e9 en acides amin\u00e9s essentiels :<\/p>\n<ul data-start=\"523\" data-end=\"680\">\n<li data-start=\"523\" data-end=\"550\">\n<p data-start=\"525\" data-end=\"550\">Plus de <strong data-start=\"533\" data-end=\"548\">4 g de BCAA<\/strong><\/p>\n<\/li>\n<li data-start=\"551\" data-end=\"607\">\n<p data-start=\"553\" data-end=\"607\">Plus de <strong data-start=\"561\" data-end=\"583\">4,5 g de glutamine<\/strong> (naturelle + ajout\u00e9e)<\/p>\n<\/li>\n<li data-start=\"608\" data-end=\"680\">\n<p data-start=\"610\" data-end=\"680\"><strong data-start=\"610\" data-end=\"630\">Arginine ajout\u00e9e<\/strong> pour soutenir les performances et la r\u00e9cup\u00e9ration<\/p>\n<\/li>\n<\/ul>\n<h3 data-start=\"682\" data-end=\"730\">D\u00e9veloppement musculaire et soutien osseux<\/h3>\n<p data-start=\"731\" data-end=\"864\">Les prot\u00e9ines contribuent \u00e0 la croissance et au maintien de la masse musculaire ainsi qu\u2019au maintien d\u2019une structure osseuse normale.<\/p>\n<h3 data-start=\"866\" data-end=\"916\">Formule pure et adapt\u00e9e \u00e0 tous les objectifs<\/h3>\n<ul data-start=\"917\" data-end=\"1208\">\n<li data-start=\"917\" data-end=\"945\">\n<p data-start=\"919\" data-end=\"945\">Isolat de whey ultra pur<\/p>\n<\/li>\n<li data-start=\"946\" data-end=\"985\">\n<p data-start=\"948\" data-end=\"985\">Enrichi en acides amin\u00e9s essentiels<\/p>\n<\/li>\n<li data-start=\"986\" data-end=\"1053\">\n<p data-start=\"988\" data-end=\"1053\">Sans sucre ajout\u00e9 (moins de 0,5 g pour 100 ml pr\u00eat \u00e0 consommer)<\/p>\n<\/li>\n<li data-start=\"1054\" data-end=\"1098\">\n<p data-start=\"1056\" data-end=\"1098\">Sans gluten selon les normes europ\u00e9ennes<\/p>\n<\/li>\n<li data-start=\"1099\" data-end=\"1208\">\n<p data-start=\"1101\" data-end=\"1208\">Sans huile de palme<br data-start=\"1120\" data-end=\"1123\" \/>Id\u00e9al pour la prise de masse s\u00e8che, la r\u00e9cup\u00e9ration ou les programmes de performance.<\/p>\n<\/li>\n<\/ul>\n<h3 data-start=\"1210\" data-end=\"1238\">Conseils d\u2019utilisation<\/h3>\n<p data-start=\"1239\" data-end=\"1315\">M\u00e9langer <strong data-start=\"1248\" data-end=\"1266\">1 dose de 25 g<\/strong> (\u00be de mesurette) dans <strong data-start=\"1289\" data-end=\"1312\">250 ml d\u2019eau froide<\/strong>.<\/p>\n<ul data-start=\"1316\" data-end=\"1442\">\n<li data-start=\"1316\" data-end=\"1379\">\n<p data-start=\"1318\" data-end=\"1379\"><strong data-start=\"1318\" data-end=\"1342\">Jours d\u2019entra\u00eenement<\/strong> : \u00e0 consommer juste apr\u00e8s l\u2019effort<\/p>\n<\/li>\n<li data-start=\"1380\" data-end=\"1442\">\n<p data-start=\"1382\" data-end=\"1442\"><strong data-start=\"1382\" data-end=\"1400\">Jours de repos<\/strong> : \u00e0 consommer \u00e0 tout moment de la journ\u00e9e<\/p>\n<\/li>\n<\/ul>\n<p data-start=\"1444\" data-end=\"1615\">Pour maximiser la r\u00e9cup\u00e9ration, il est possible d\u2019associer cette whey \u00e0 une source de glucides rapides (ex. VitarGO! ou Supercarb Xpress), selon les besoins nutritionnels.<\/p>\n<h3 data-start=\"1617\" data-end=\"1651\">Informations compl\u00e9mentaires<\/h3>\n<ul data-start=\"1652\" data-end=\"1997\">\n<li data-start=\"1652\" data-end=\"1717\">\n<p data-start=\"1654\" data-end=\"1717\">All\u00e9gations conformes aux validations scientifiques de l\u2019EFSA<\/p>\n<\/li>\n<li data-start=\"1718\" data-end=\"1883\">\n<p data-start=\"1720\" data-end=\"1883\">Allerg\u00e8nes : produit fabriqu\u00e9 dans une usine manipulant lait, \u0153ufs, soja, arachides, fruits \u00e0 coque, c\u00e9leri, poisson, crustac\u00e9s, mollusques et dioxyde de soufre.<\/p>\n<\/li>\n<li data-start=\"1884\" data-end=\"1997\">\n<p data-start=\"1886\" data-end=\"1997\">Ce produit ne remplace pas une alimentation vari\u00e9e et un mode de vie sain. Ne pas d\u00e9passer la dose recommand\u00e9e.<\/p>\n<\/li>\n<\/ul>\n","protected":false},"excerpt":{"rendered":"<p>100 % prot\u00e9ines issues d\u2019isolat de lactos\u00e9rum Cette formule est compos\u00e9e exclusivement d\u2019isolat de whey, sans concentr\u00e9, pour garantir une [&hellip;]<\/p>\n","protected":false},"featured_media":1456,"comment_status":"open","ping_status":"closed","template":"","meta":{"site-sidebar-layout":"default","site-content-layout":"","ast-site-content-layout":"default","site-content-style":"default","site-sidebar-style":"default","ast-global-header-display":"","ast-banner-title-visibility":"","ast-main-header-display":"","ast-hfb-above-header-display":"","ast-hfb-below-header-display":"","ast-hfb-mobile-header-display":"","site-post-title":"","ast-breadcrumbs-content":"","ast-featured-img":"","footer-sml-layout":"","ast-disable-related-posts":"","theme-transparent-header-meta":"default","adv-header-id-meta":"","stick-header-meta":"","header-above-stick-meta":"","header-main-stick-meta":"","header-below-stick-meta":"","astra-migrate-meta-layouts":"set","ast-page-background-enabled":"default","ast-page-background-meta":{"desktop":{"background-color":"var(--ast-global-color-5)","background-image":"","background-repeat":"repeat","background-position":"center center","background-size":"auto","background-attachment":"scroll","background-type":"","background-media":"","overlay-type":"","overlay-color":"","overlay-opacity":"","overlay-gradient":""},"tablet":{"background-color":"","background-image":"","background-repeat":"repeat","background-position":"center center","background-size":"auto","background-attachment":"scroll","background-type":"","background-media":"","overlay-type":"","overlay-color":"","overlay-opacity":"","overlay-gradient":""},"mobile":{"background-color":"","background-image":"","background-repeat":"repeat","background-position":"center center","background-size":"auto","background-attachment":"scroll","background-type":"","background-media":"","overlay-type":"","overlay-color":"","overlay-opacity":"","overlay-gradient":""}},"ast-content-background-meta":{"desktop":{"background-color":"var(--ast-global-color-4)","background-image":"","background-repeat":"repeat","background-position":"center center","background-size":"auto","background-attachment":"scroll","background-type":"","background-media":"","overlay-type":"","overlay-color":"","overlay-opacity":"","overlay-gradient":""},"tablet":{"background-color":"var(--ast-global-color-4)","background-image":"","background-repeat":"repeat","background-position":"center center","background-size":"auto","background-attachment":"scroll","background-type":"","background-media":"","overlay-type":"","overlay-color":"","overlay-opacity":"","overlay-gradient":""},"mobile":{"background-color":"var(--ast-global-color-4)","background-image":"","background-repeat":"repeat","background-position":"center center","background-size":"auto","background-attachment":"scroll","background-type":"","background-media":"","overlay-type":"","overlay-color":"","overlay-opacity":"","overlay-gradient":""}}},"product_brand":[49],"product_cat":[19],"product_tag":[],"class_list":{"0":"post-1455","1":"product","2":"type-product","3":"status-publish","4":"has-post-thumbnail","6":"product_brand-scitec-nutriton","7":"product_cat-whey","8":"desktop-align-left","9":"tablet-align-left","10":"mobile-align-left","12":"first","13":"instock","14":"shipping-taxable","15":"purchasable","16":"product-type-simple"},"yoast_head":"<!-- This site is optimized with the Yoast SEO plugin v26.5 - https:\/\/yoast.com\/wordpress\/plugins\/seo\/ -->\n<title>WHEY ISOLATE 700 GR - Authentica nutrition<\/title>\n<meta name=\"robots\" content=\"index, follow, max-snippet:-1, max-image-preview:large, max-video-preview:-1\" \/>\n<link rel=\"canonical\" href=\"https:\/\/www.authenticanutrition.com\/index.php\/produit\/whey-isolate-700-gr\/\" \/>\n<meta property=\"og:locale\" content=\"fr_FR\" \/>\n<meta property=\"og:type\" content=\"article\" \/>\n<meta property=\"og:title\" content=\"WHEY ISOLATE 700 GR - Authentica nutrition\" \/>\n<meta property=\"og:description\" content=\"100 % prot\u00e9ines issues d\u2019isolat de lactos\u00e9rum Cette formule est compos\u00e9e exclusivement d\u2019isolat de whey, sans concentr\u00e9, pour garantir une [&hellip;]\" \/>\n<meta property=\"og:url\" content=\"https:\/\/www.authenticanutrition.com\/index.php\/produit\/whey-isolate-700-gr\/\" \/>\n<meta property=\"og:site_name\" content=\"Authentica nutrition\" \/>\n<meta property=\"article:publisher\" content=\"https:\/\/www.facebook.com\/authenticanutrition?rdid=sd9vEoU5qlbx1xbW&amp;share_url=httpswww.facebook.comshare14zMGfJi8S#\" \/>\n<meta property=\"article:modified_time\" content=\"2025-11-24T13:03:00+00:00\" \/>\n<meta property=\"og:image\" content=\"https:\/\/www.authenticanutrition.com\/wp-content\/uploads\/2025\/11\/12.png\" \/>\n\t<meta property=\"og:image:width\" content=\"800\" \/>\n\t<meta property=\"og:image:height\" content=\"800\" \/>\n\t<meta property=\"og:image:type\" content=\"image\/png\" \/>\n<meta name=\"twitter:card\" content=\"summary_large_image\" \/>\n<meta name=\"twitter:label1\" content=\"Dur\u00e9e de lecture estim\u00e9e\" \/>\n\t<meta name=\"twitter:data1\" content=\"2 minutes\" \/>\n<script type=\"application\/ld+json\" class=\"yoast-schema-graph\">{\"@context\":\"https:\/\/schema.org\",\"@graph\":[{\"@type\":\"WebPage\",\"@id\":\"https:\/\/www.authenticanutrition.com\/index.php\/produit\/whey-isolate-700-gr\/\",\"url\":\"https:\/\/www.authenticanutrition.com\/index.php\/produit\/whey-isolate-700-gr\/\",\"name\":\"WHEY ISOLATE 700 GR - Authentica nutrition\",\"isPartOf\":{\"@id\":\"https:\/\/www.authenticanutrition.com\/#website\"},\"primaryImageOfPage\":{\"@id\":\"https:\/\/www.authenticanutrition.com\/index.php\/produit\/whey-isolate-700-gr\/#primaryimage\"},\"image\":{\"@id\":\"https:\/\/www.authenticanutrition.com\/index.php\/produit\/whey-isolate-700-gr\/#primaryimage\"},\"thumbnailUrl\":\"https:\/\/i0.wp.com\/www.authenticanutrition.com\/wp-content\/uploads\/2025\/11\/12.png?fit=800%2C800&ssl=1\",\"datePublished\":\"2025-11-24T12:44:18+00:00\",\"dateModified\":\"2025-11-24T13:03:00+00:00\",\"breadcrumb\":{\"@id\":\"https:\/\/www.authenticanutrition.com\/index.php\/produit\/whey-isolate-700-gr\/#breadcrumb\"},\"inLanguage\":\"fr-FR\",\"potentialAction\":[{\"@type\":\"ReadAction\",\"target\":[\"https:\/\/www.authenticanutrition.com\/index.php\/produit\/whey-isolate-700-gr\/\"]}]},{\"@type\":\"ImageObject\",\"inLanguage\":\"fr-FR\",\"@id\":\"https:\/\/www.authenticanutrition.com\/index.php\/produit\/whey-isolate-700-gr\/#primaryimage\",\"url\":\"https:\/\/i0.wp.com\/www.authenticanutrition.com\/wp-content\/uploads\/2025\/11\/12.png?fit=800%2C800&ssl=1\",\"contentUrl\":\"https:\/\/i0.wp.com\/www.authenticanutrition.com\/wp-content\/uploads\/2025\/11\/12.png?fit=800%2C800&ssl=1\",\"width\":800,\"height\":800},{\"@type\":\"BreadcrumbList\",\"@id\":\"https:\/\/www.authenticanutrition.com\/index.php\/produit\/whey-isolate-700-gr\/#breadcrumb\",\"itemListElement\":[{\"@type\":\"ListItem\",\"position\":1,\"name\":\"Accueil\",\"item\":\"https:\/\/www.authenticanutrition.com\/\"},{\"@type\":\"ListItem\",\"position\":2,\"name\":\"Boutique\",\"item\":\"https:\/\/www.authenticanutrition.com\/index.php\/boutique\/\"},{\"@type\":\"ListItem\",\"position\":3,\"name\":\"WHEY ISOLATE 700 GR\"}]},{\"@type\":\"WebSite\",\"@id\":\"https:\/\/www.authenticanutrition.com\/#website\",\"url\":\"https:\/\/www.authenticanutrition.com\/\",\"name\":\"Authentica nutrition\",\"description\":\"\",\"publisher\":{\"@id\":\"https:\/\/www.authenticanutrition.com\/#organization\"},\"potentialAction\":[{\"@type\":\"SearchAction\",\"target\":{\"@type\":\"EntryPoint\",\"urlTemplate\":\"https:\/\/www.authenticanutrition.com\/?s={search_term_string}\"},\"query-input\":{\"@type\":\"PropertyValueSpecification\",\"valueRequired\":true,\"valueName\":\"search_term_string\"}}],\"inLanguage\":\"fr-FR\"},{\"@type\":\"Organization\",\"@id\":\"https:\/\/www.authenticanutrition.com\/#organization\",\"name\":\"Authentica nutrition\",\"url\":\"https:\/\/www.authenticanutrition.com\/\",\"logo\":{\"@type\":\"ImageObject\",\"inLanguage\":\"fr-FR\",\"@id\":\"https:\/\/www.authenticanutrition.com\/#\/schema\/logo\/image\/\",\"url\":\"https:\/\/www.authenticanutrition.com\/wp-content\/uploads\/2025\/07\/authantika-1.png\",\"contentUrl\":\"https:\/\/www.authenticanutrition.com\/wp-content\/uploads\/2025\/07\/authantika-1.png\",\"width\":512,\"height\":512,\"caption\":\"Authentica nutrition\"},\"image\":{\"@id\":\"https:\/\/www.authenticanutrition.com\/#\/schema\/logo\/image\/\"},\"sameAs\":[\"https:\/\/www.facebook.com\/authenticanutrition?rdid=sd9vEoU5qlbx1xbW&share_url=httpswww.facebook.comshare14zMGfJi8S#\"]}]}<\/script>\n<!-- \/ Yoast SEO plugin. -->","yoast_head_json":{"title":"WHEY ISOLATE 700 GR - Authentica nutrition","robots":{"index":"index","follow":"follow","max-snippet":"max-snippet:-1","max-image-preview":"max-image-preview:large","max-video-preview":"max-video-preview:-1"},"canonical":"https:\/\/www.authenticanutrition.com\/index.php\/produit\/whey-isolate-700-gr\/","og_locale":"fr_FR","og_type":"article","og_title":"WHEY ISOLATE 700 GR - Authentica nutrition","og_description":"100 % prot\u00e9ines issues d\u2019isolat de lactos\u00e9rum Cette formule est compos\u00e9e exclusivement d\u2019isolat de whey, sans concentr\u00e9, pour garantir une [&hellip;]","og_url":"https:\/\/www.authenticanutrition.com\/index.php\/produit\/whey-isolate-700-gr\/","og_site_name":"Authentica nutrition","article_publisher":"https:\/\/www.facebook.com\/authenticanutrition?rdid=sd9vEoU5qlbx1xbW&share_url=httpswww.facebook.comshare14zMGfJi8S#","article_modified_time":"2025-11-24T13:03:00+00:00","og_image":[{"width":800,"height":800,"url":"https:\/\/www.authenticanutrition.com\/wp-content\/uploads\/2025\/11\/12.png","type":"image\/png"}],"twitter_card":"summary_large_image","twitter_misc":{"Dur\u00e9e de lecture estim\u00e9e":"2 minutes"},"schema":{"@context":"https:\/\/schema.org","@graph":[{"@type":"WebPage","@id":"https:\/\/www.authenticanutrition.com\/index.php\/produit\/whey-isolate-700-gr\/","url":"https:\/\/www.authenticanutrition.com\/index.php\/produit\/whey-isolate-700-gr\/","name":"WHEY ISOLATE 700 GR - Authentica nutrition","isPartOf":{"@id":"https:\/\/www.authenticanutrition.com\/#website"},"primaryImageOfPage":{"@id":"https:\/\/www.authenticanutrition.com\/index.php\/produit\/whey-isolate-700-gr\/#primaryimage"},"image":{"@id":"https:\/\/www.authenticanutrition.com\/index.php\/produit\/whey-isolate-700-gr\/#primaryimage"},"thumbnailUrl":"https:\/\/i0.wp.com\/www.authenticanutrition.com\/wp-content\/uploads\/2025\/11\/12.png?fit=800%2C800&ssl=1","datePublished":"2025-11-24T12:44:18+00:00","dateModified":"2025-11-24T13:03:00+00:00","breadcrumb":{"@id":"https:\/\/www.authenticanutrition.com\/index.php\/produit\/whey-isolate-700-gr\/#breadcrumb"},"inLanguage":"fr-FR","potentialAction":[{"@type":"ReadAction","target":["https:\/\/www.authenticanutrition.com\/index.php\/produit\/whey-isolate-700-gr\/"]}]},{"@type":"ImageObject","inLanguage":"fr-FR","@id":"https:\/\/www.authenticanutrition.com\/index.php\/produit\/whey-isolate-700-gr\/#primaryimage","url":"https:\/\/i0.wp.com\/www.authenticanutrition.com\/wp-content\/uploads\/2025\/11\/12.png?fit=800%2C800&ssl=1","contentUrl":"https:\/\/i0.wp.com\/www.authenticanutrition.com\/wp-content\/uploads\/2025\/11\/12.png?fit=800%2C800&ssl=1","width":800,"height":800},{"@type":"BreadcrumbList","@id":"https:\/\/www.authenticanutrition.com\/index.php\/produit\/whey-isolate-700-gr\/#breadcrumb","itemListElement":[{"@type":"ListItem","position":1,"name":"Accueil","item":"https:\/\/www.authenticanutrition.com\/"},{"@type":"ListItem","position":2,"name":"Boutique","item":"https:\/\/www.authenticanutrition.com\/index.php\/boutique\/"},{"@type":"ListItem","position":3,"name":"WHEY ISOLATE 700 GR"}]},{"@type":"WebSite","@id":"https:\/\/www.authenticanutrition.com\/#website","url":"https:\/\/www.authenticanutrition.com\/","name":"Authentica nutrition","description":"","publisher":{"@id":"https:\/\/www.authenticanutrition.com\/#organization"},"potentialAction":[{"@type":"SearchAction","target":{"@type":"EntryPoint","urlTemplate":"https:\/\/www.authenticanutrition.com\/?s={search_term_string}"},"query-input":{"@type":"PropertyValueSpecification","valueRequired":true,"valueName":"search_term_string"}}],"inLanguage":"fr-FR"},{"@type":"Organization","@id":"https:\/\/www.authenticanutrition.com\/#organization","name":"Authentica nutrition","url":"https:\/\/www.authenticanutrition.com\/","logo":{"@type":"ImageObject","inLanguage":"fr-FR","@id":"https:\/\/www.authenticanutrition.com\/#\/schema\/logo\/image\/","url":"https:\/\/www.authenticanutrition.com\/wp-content\/uploads\/2025\/07\/authantika-1.png","contentUrl":"https:\/\/www.authenticanutrition.com\/wp-content\/uploads\/2025\/07\/authantika-1.png","width":512,"height":512,"caption":"Authentica nutrition"},"image":{"@id":"https:\/\/www.authenticanutrition.com\/#\/schema\/logo\/image\/"},"sameAs":["https:\/\/www.facebook.com\/authenticanutrition?rdid=sd9vEoU5qlbx1xbW&share_url=httpswww.facebook.comshare14zMGfJi8S#"]}]}},"jetpack_sharing_enabled":true,"_links":{"self":[{"href":"https:\/\/www.authenticanutrition.com\/index.php\/wp-json\/wp\/v2\/product\/1455","targetHints":{"allow":["GET"]}}],"collection":[{"href":"https:\/\/www.authenticanutrition.com\/index.php\/wp-json\/wp\/v2\/product"}],"about":[{"href":"https:\/\/www.authenticanutrition.com\/index.php\/wp-json\/wp\/v2\/types\/product"}],"replies":[{"embeddable":true,"href":"https:\/\/www.authenticanutrition.com\/index.php\/wp-json\/wp\/v2\/comments?post=1455"}],"wp:featuredmedia":[{"embeddable":true,"href":"https:\/\/www.authenticanutrition.com\/index.php\/wp-json\/wp\/v2\/media\/1456"}],"wp:attachment":[{"href":"https:\/\/www.authenticanutrition.com\/index.php\/wp-json\/wp\/v2\/media?parent=1455"}],"wp:term":[{"taxonomy":"product_brand","embeddable":true,"href":"https:\/\/www.authenticanutrition.com\/index.php\/wp-json\/wp\/v2\/product_brand?post=1455"},{"taxonomy":"product_cat","embeddable":true,"href":"https:\/\/www.authenticanutrition.com\/index.php\/wp-json\/wp\/v2\/product_cat?post=1455"},{"taxonomy":"product_tag","embeddable":true,"href":"https:\/\/www.authenticanutrition.com\/index.php\/wp-json\/wp\/v2\/product_tag?post=1455"}],"curies":[{"name":"wp","href":"https:\/\/api.w.org\/{rel}","templated":true}]}}