{"id":874,"date":"2025-07-15T13:22:25","date_gmt":"2025-07-15T11:22:25","guid":{"rendered":"https:\/\/www.authenticanutrition.com\/?post_type=product&#038;p=874"},"modified":"2025-07-16T11:13:46","modified_gmt":"2025-07-16T09:13:46","slug":"real-pharm-glutamine-500g","status":"publish","type":"product","link":"https:\/\/www.authenticanutrition.com\/index.php\/produit\/real-pharm-glutamine-500g\/","title":{"rendered":"Real pharm glutamine 500g"},"content":{"rendered":"<p data-start=\"506\" data-end=\"700\"><strong data-start=\"506\" data-end=\"535\">Real Pharm Glutamine 500g<\/strong> est un compl\u00e9ment en poudre \u00e0 base de <strong data-start=\"574\" data-end=\"594\">L-Glutamine pure<\/strong>, sp\u00e9cialement con\u00e7u pour soutenir la r\u00e9cup\u00e9ration musculaire, r\u00e9duire la fatigue et renforcer l\u2019immunit\u00e9.<\/p>\n<p data-start=\"702\" data-end=\"1056\">La glutamine est l\u2019un des acides amin\u00e9s les plus abondants dans le corps. Cependant, lors d&rsquo;entra\u00eenements intensifs, son niveau peut chuter rapidement, ce qui affecte \u00e0 la fois les performances sportives et la r\u00e9cup\u00e9ration. C\u2019est pourquoi une suppl\u00e9mentation devient essentielle pour les athl\u00e8tes, les pratiquants de musculation et toute personne active.<\/p>\n<p data-start=\"1058\" data-end=\"1141\">Gr\u00e2ce \u00e0 sa formule pure et sa haute biodisponibilit\u00e9, Real Pharm Glutamine aide \u00e0 :<\/p>\n<ul data-start=\"1142\" data-end=\"1329\">\n<li data-start=\"1142\" data-end=\"1184\">\n<p data-start=\"1144\" data-end=\"1184\">Acc\u00e9l\u00e9rer la <strong data-start=\"1157\" data-end=\"1184\">r\u00e9cup\u00e9ration musculaire<\/strong><\/p>\n<\/li>\n<li data-start=\"1185\" data-end=\"1236\">\n<p data-start=\"1187\" data-end=\"1236\">R\u00e9duire les courbatures et la fatigue post-effort<\/p>\n<\/li>\n<li data-start=\"1237\" data-end=\"1280\">\n<p data-start=\"1239\" data-end=\"1280\">Maintenir un <strong data-start=\"1252\" data-end=\"1280\">syst\u00e8me immunitaire fort<\/strong><\/p>\n<\/li>\n<li data-start=\"1281\" data-end=\"1329\">\n<p data-start=\"1283\" data-end=\"1329\">Am\u00e9liorer la digestion et la sant\u00e9 intestinale<\/p>\n<\/li>\n<\/ul>\n<p data-start=\"1331\" data-end=\"1539\">Facile \u00e0 utiliser, cette glutamine en poudre peut \u00eatre m\u00e9lang\u00e9e \u00e0 de l\u2019eau, un jus ou votre shake post-entra\u00eenement. Elle est <strong data-start=\"1457\" data-end=\"1471\">sans ar\u00f4me<\/strong>, ce qui la rend discr\u00e8te et pratique \u00e0 int\u00e9grer dans votre routine.<\/p>\n<p data-start=\"1541\" data-end=\"1728\"><strong data-start=\"1541\" data-end=\"1570\">Real Pharm Glutamine 500g<\/strong> convient aussi bien aux d\u00e9butants qu\u2019aux sportifs exp\u00e9riment\u00e9s. Elle est parfaite pour les p\u00e9riodes de s\u00e8che, de prise de masse ou de r\u00e9cup\u00e9ration intensive.<\/p>\n<hr data-start=\"1730\" data-end=\"1733\" \/>\n<h3 data-start=\"1735\" data-end=\"1761\">\u2705 <strong data-start=\"1741\" data-end=\"1761\">Avantages cl\u00e9s :<\/strong><\/h3>\n<ul data-start=\"1762\" data-end=\"1976\">\n<li data-start=\"1762\" data-end=\"1787\">\n<p data-start=\"1764\" data-end=\"1787\">100% L-Glutamine pure<\/p>\n<\/li>\n<li data-start=\"1788\" data-end=\"1839\">\n<p data-start=\"1790\" data-end=\"1839\">500g de poudre \u2013 excellente dur\u00e9e d\u2019utilisation<\/p>\n<\/li>\n<li data-start=\"1840\" data-end=\"1891\">\n<p data-start=\"1842\" data-end=\"1891\">Acc\u00e9l\u00e8re la r\u00e9cup\u00e9ration et renforce l\u2019immunit\u00e9<\/p>\n<\/li>\n<li data-start=\"1892\" data-end=\"1937\">\n<p data-start=\"1894\" data-end=\"1937\">Facile \u00e0 dig\u00e9rer, sans ar\u00f4mes artificiels<\/p>\n<\/li>\n<li data-start=\"1938\" data-end=\"1976\">\n<p data-start=\"1940\" data-end=\"1976\">Convient \u00e0 tous les niveaux sportifs<\/p>\n<\/li>\n<\/ul>\n","protected":false},"excerpt":{"rendered":"<p>Real Pharm Glutamine 500g est un compl\u00e9ment en poudre \u00e0 base de L-Glutamine pure, sp\u00e9cialement con\u00e7u pour soutenir la r\u00e9cup\u00e9ration [&hellip;]<\/p>\n","protected":false},"featured_media":875,"comment_status":"open","ping_status":"closed","template":"","meta":{"site-sidebar-layout":"default","site-content-layout":"","ast-site-content-layout":"default","site-content-style":"default","site-sidebar-style":"default","ast-global-header-display":"","ast-banner-title-visibility":"","ast-main-header-display":"","ast-hfb-above-header-display":"","ast-hfb-below-header-display":"","ast-hfb-mobile-header-display":"","site-post-title":"","ast-breadcrumbs-content":"","ast-featured-img":"","footer-sml-layout":"","ast-disable-related-posts":"","theme-transparent-header-meta":"default","adv-header-id-meta":"","stick-header-meta":"","header-above-stick-meta":"","header-main-stick-meta":"","header-below-stick-meta":"","astra-migrate-meta-layouts":"set","ast-page-background-enabled":"default","ast-page-background-meta":{"desktop":{"background-color":"var(--ast-global-color-5)","background-image":"","background-repeat":"repeat","background-position":"center center","background-size":"auto","background-attachment":"scroll","background-type":"","background-media":"","overlay-type":"","overlay-color":"","overlay-opacity":"","overlay-gradient":""},"tablet":{"background-color":"","background-image":"","background-repeat":"repeat","background-position":"center center","background-size":"auto","background-attachment":"scroll","background-type":"","background-media":"","overlay-type":"","overlay-color":"","overlay-opacity":"","overlay-gradient":""},"mobile":{"background-color":"","background-image":"","background-repeat":"repeat","background-position":"center center","background-size":"auto","background-attachment":"scroll","background-type":"","background-media":"","overlay-type":"","overlay-color":"","overlay-opacity":"","overlay-gradient":""}},"ast-content-background-meta":{"desktop":{"background-color":"var(--ast-global-color-4)","background-image":"","background-repeat":"repeat","background-position":"center center","background-size":"auto","background-attachment":"scroll","background-type":"","background-media":"","overlay-type":"","overlay-color":"","overlay-opacity":"","overlay-gradient":""},"tablet":{"background-color":"var(--ast-global-color-4)","background-image":"","background-repeat":"repeat","background-position":"center center","background-size":"auto","background-attachment":"scroll","background-type":"","background-media":"","overlay-type":"","overlay-color":"","overlay-opacity":"","overlay-gradient":""},"mobile":{"background-color":"var(--ast-global-color-4)","background-image":"","background-repeat":"repeat","background-position":"center center","background-size":"auto","background-attachment":"scroll","background-type":"","background-media":"","overlay-type":"","overlay-color":"","overlay-opacity":"","overlay-gradient":""}}},"product_brand":[34],"product_cat":[22],"product_tag":[],"class_list":{"0":"post-874","1":"product","2":"type-product","3":"status-publish","4":"has-post-thumbnail","6":"product_brand-real-pharm","7":"product_cat-acide-amine","8":"desktop-align-left","9":"tablet-align-left","10":"mobile-align-left","12":"first","13":"instock","14":"shipping-taxable","15":"purchasable","16":"product-type-simple"},"yoast_head":"<!-- This site is optimized with the Yoast SEO plugin v26.5 - https:\/\/yoast.com\/wordpress\/plugins\/seo\/ -->\n<title>Real Pharm Glutamine \u2013 R\u00e9cup\u00e9ration Musculaire<\/title>\n<meta name=\"description\" content=\"Am\u00e9liorez votre r\u00e9cup\u00e9ration et renforcez votre syst\u00e8me immunitaire avec Real Pharm Glutamine 500g. Formule pure, id\u00e9ale apr\u00e8s l&#039;entra\u00eenement.\" \/>\n<meta name=\"robots\" content=\"index, follow, max-snippet:-1, max-image-preview:large, max-video-preview:-1\" \/>\n<link rel=\"canonical\" href=\"https:\/\/www.authenticanutrition.com\/index.php\/produit\/real-pharm-glutamine-500g\/\" \/>\n<meta property=\"og:locale\" content=\"fr_FR\" \/>\n<meta property=\"og:type\" content=\"article\" \/>\n<meta property=\"og:title\" content=\"Real Pharm Glutamine \u2013 R\u00e9cup\u00e9ration Musculaire\" \/>\n<meta property=\"og:description\" content=\"Am\u00e9liorez votre r\u00e9cup\u00e9ration et renforcez votre syst\u00e8me immunitaire avec Real Pharm Glutamine 500g. Formule pure, id\u00e9ale apr\u00e8s l&#039;entra\u00eenement.\" \/>\n<meta property=\"og:url\" content=\"https:\/\/www.authenticanutrition.com\/index.php\/produit\/real-pharm-glutamine-500g\/\" \/>\n<meta property=\"og:site_name\" content=\"Authentica nutrition\" \/>\n<meta property=\"article:publisher\" content=\"https:\/\/www.facebook.com\/authenticanutrition?rdid=sd9vEoU5qlbx1xbW&amp;share_url=httpswww.facebook.comshare14zMGfJi8S#\" \/>\n<meta property=\"article:modified_time\" content=\"2025-07-16T09:13:46+00:00\" \/>\n<meta property=\"og:image\" content=\"https:\/\/www.authenticanutrition.com\/wp-content\/uploads\/2025\/07\/real-pharm-glutamine-500g.png\" \/>\n\t<meta property=\"og:image:width\" content=\"800\" \/>\n\t<meta property=\"og:image:height\" content=\"800\" \/>\n\t<meta property=\"og:image:type\" content=\"image\/png\" \/>\n<meta name=\"twitter:card\" content=\"summary_large_image\" \/>\n<meta name=\"twitter:label1\" content=\"Dur\u00e9e de lecture estim\u00e9e\" \/>\n\t<meta name=\"twitter:data1\" content=\"2 minutes\" \/>\n<script type=\"application\/ld+json\" class=\"yoast-schema-graph\">{\"@context\":\"https:\/\/schema.org\",\"@graph\":[{\"@type\":\"WebPage\",\"@id\":\"https:\/\/www.authenticanutrition.com\/index.php\/produit\/real-pharm-glutamine-500g\/\",\"url\":\"https:\/\/www.authenticanutrition.com\/index.php\/produit\/real-pharm-glutamine-500g\/\",\"name\":\"Real Pharm Glutamine \u2013 R\u00e9cup\u00e9ration Musculaire\",\"isPartOf\":{\"@id\":\"https:\/\/www.authenticanutrition.com\/#website\"},\"primaryImageOfPage\":{\"@id\":\"https:\/\/www.authenticanutrition.com\/index.php\/produit\/real-pharm-glutamine-500g\/#primaryimage\"},\"image\":{\"@id\":\"https:\/\/www.authenticanutrition.com\/index.php\/produit\/real-pharm-glutamine-500g\/#primaryimage\"},\"thumbnailUrl\":\"https:\/\/i0.wp.com\/www.authenticanutrition.com\/wp-content\/uploads\/2025\/07\/real-pharm-glutamine-500g.png?fit=800%2C800&ssl=1\",\"datePublished\":\"2025-07-15T11:22:25+00:00\",\"dateModified\":\"2025-07-16T09:13:46+00:00\",\"description\":\"Am\u00e9liorez votre r\u00e9cup\u00e9ration et renforcez votre syst\u00e8me immunitaire avec Real Pharm Glutamine 500g. Formule pure, id\u00e9ale apr\u00e8s l'entra\u00eenement.\",\"breadcrumb\":{\"@id\":\"https:\/\/www.authenticanutrition.com\/index.php\/produit\/real-pharm-glutamine-500g\/#breadcrumb\"},\"inLanguage\":\"fr-FR\",\"potentialAction\":[{\"@type\":\"ReadAction\",\"target\":[\"https:\/\/www.authenticanutrition.com\/index.php\/produit\/real-pharm-glutamine-500g\/\"]}]},{\"@type\":\"ImageObject\",\"inLanguage\":\"fr-FR\",\"@id\":\"https:\/\/www.authenticanutrition.com\/index.php\/produit\/real-pharm-glutamine-500g\/#primaryimage\",\"url\":\"https:\/\/i0.wp.com\/www.authenticanutrition.com\/wp-content\/uploads\/2025\/07\/real-pharm-glutamine-500g.png?fit=800%2C800&ssl=1\",\"contentUrl\":\"https:\/\/i0.wp.com\/www.authenticanutrition.com\/wp-content\/uploads\/2025\/07\/real-pharm-glutamine-500g.png?fit=800%2C800&ssl=1\",\"width\":800,\"height\":800,\"caption\":\"real pharm glutamine 500g\"},{\"@type\":\"BreadcrumbList\",\"@id\":\"https:\/\/www.authenticanutrition.com\/index.php\/produit\/real-pharm-glutamine-500g\/#breadcrumb\",\"itemListElement\":[{\"@type\":\"ListItem\",\"position\":1,\"name\":\"Accueil\",\"item\":\"https:\/\/www.authenticanutrition.com\/\"},{\"@type\":\"ListItem\",\"position\":2,\"name\":\"Boutique\",\"item\":\"https:\/\/www.authenticanutrition.com\/index.php\/boutique\/\"},{\"@type\":\"ListItem\",\"position\":3,\"name\":\"Real pharm glutamine 500g\"}]},{\"@type\":\"WebSite\",\"@id\":\"https:\/\/www.authenticanutrition.com\/#website\",\"url\":\"https:\/\/www.authenticanutrition.com\/\",\"name\":\"Authentica nutrition\",\"description\":\"\",\"publisher\":{\"@id\":\"https:\/\/www.authenticanutrition.com\/#organization\"},\"potentialAction\":[{\"@type\":\"SearchAction\",\"target\":{\"@type\":\"EntryPoint\",\"urlTemplate\":\"https:\/\/www.authenticanutrition.com\/?s={search_term_string}\"},\"query-input\":{\"@type\":\"PropertyValueSpecification\",\"valueRequired\":true,\"valueName\":\"search_term_string\"}}],\"inLanguage\":\"fr-FR\"},{\"@type\":\"Organization\",\"@id\":\"https:\/\/www.authenticanutrition.com\/#organization\",\"name\":\"Authentica nutrition\",\"url\":\"https:\/\/www.authenticanutrition.com\/\",\"logo\":{\"@type\":\"ImageObject\",\"inLanguage\":\"fr-FR\",\"@id\":\"https:\/\/www.authenticanutrition.com\/#\/schema\/logo\/image\/\",\"url\":\"https:\/\/www.authenticanutrition.com\/wp-content\/uploads\/2025\/07\/authantika-1.png\",\"contentUrl\":\"https:\/\/www.authenticanutrition.com\/wp-content\/uploads\/2025\/07\/authantika-1.png\",\"width\":512,\"height\":512,\"caption\":\"Authentica nutrition\"},\"image\":{\"@id\":\"https:\/\/www.authenticanutrition.com\/#\/schema\/logo\/image\/\"},\"sameAs\":[\"https:\/\/www.facebook.com\/authenticanutrition?rdid=sd9vEoU5qlbx1xbW&share_url=httpswww.facebook.comshare14zMGfJi8S#\"]}]}<\/script>\n<!-- \/ Yoast SEO plugin. -->","yoast_head_json":{"title":"Real Pharm Glutamine \u2013 R\u00e9cup\u00e9ration Musculaire","description":"Am\u00e9liorez votre r\u00e9cup\u00e9ration et renforcez votre syst\u00e8me immunitaire avec Real Pharm Glutamine 500g. Formule pure, id\u00e9ale apr\u00e8s l'entra\u00eenement.","robots":{"index":"index","follow":"follow","max-snippet":"max-snippet:-1","max-image-preview":"max-image-preview:large","max-video-preview":"max-video-preview:-1"},"canonical":"https:\/\/www.authenticanutrition.com\/index.php\/produit\/real-pharm-glutamine-500g\/","og_locale":"fr_FR","og_type":"article","og_title":"Real Pharm Glutamine \u2013 R\u00e9cup\u00e9ration Musculaire","og_description":"Am\u00e9liorez votre r\u00e9cup\u00e9ration et renforcez votre syst\u00e8me immunitaire avec Real Pharm Glutamine 500g. Formule pure, id\u00e9ale apr\u00e8s l'entra\u00eenement.","og_url":"https:\/\/www.authenticanutrition.com\/index.php\/produit\/real-pharm-glutamine-500g\/","og_site_name":"Authentica nutrition","article_publisher":"https:\/\/www.facebook.com\/authenticanutrition?rdid=sd9vEoU5qlbx1xbW&share_url=httpswww.facebook.comshare14zMGfJi8S#","article_modified_time":"2025-07-16T09:13:46+00:00","og_image":[{"width":800,"height":800,"url":"https:\/\/www.authenticanutrition.com\/wp-content\/uploads\/2025\/07\/real-pharm-glutamine-500g.png","type":"image\/png"}],"twitter_card":"summary_large_image","twitter_misc":{"Dur\u00e9e de lecture estim\u00e9e":"2 minutes"},"schema":{"@context":"https:\/\/schema.org","@graph":[{"@type":"WebPage","@id":"https:\/\/www.authenticanutrition.com\/index.php\/produit\/real-pharm-glutamine-500g\/","url":"https:\/\/www.authenticanutrition.com\/index.php\/produit\/real-pharm-glutamine-500g\/","name":"Real Pharm Glutamine \u2013 R\u00e9cup\u00e9ration Musculaire","isPartOf":{"@id":"https:\/\/www.authenticanutrition.com\/#website"},"primaryImageOfPage":{"@id":"https:\/\/www.authenticanutrition.com\/index.php\/produit\/real-pharm-glutamine-500g\/#primaryimage"},"image":{"@id":"https:\/\/www.authenticanutrition.com\/index.php\/produit\/real-pharm-glutamine-500g\/#primaryimage"},"thumbnailUrl":"https:\/\/i0.wp.com\/www.authenticanutrition.com\/wp-content\/uploads\/2025\/07\/real-pharm-glutamine-500g.png?fit=800%2C800&ssl=1","datePublished":"2025-07-15T11:22:25+00:00","dateModified":"2025-07-16T09:13:46+00:00","description":"Am\u00e9liorez votre r\u00e9cup\u00e9ration et renforcez votre syst\u00e8me immunitaire avec Real Pharm Glutamine 500g. Formule pure, id\u00e9ale apr\u00e8s l'entra\u00eenement.","breadcrumb":{"@id":"https:\/\/www.authenticanutrition.com\/index.php\/produit\/real-pharm-glutamine-500g\/#breadcrumb"},"inLanguage":"fr-FR","potentialAction":[{"@type":"ReadAction","target":["https:\/\/www.authenticanutrition.com\/index.php\/produit\/real-pharm-glutamine-500g\/"]}]},{"@type":"ImageObject","inLanguage":"fr-FR","@id":"https:\/\/www.authenticanutrition.com\/index.php\/produit\/real-pharm-glutamine-500g\/#primaryimage","url":"https:\/\/i0.wp.com\/www.authenticanutrition.com\/wp-content\/uploads\/2025\/07\/real-pharm-glutamine-500g.png?fit=800%2C800&ssl=1","contentUrl":"https:\/\/i0.wp.com\/www.authenticanutrition.com\/wp-content\/uploads\/2025\/07\/real-pharm-glutamine-500g.png?fit=800%2C800&ssl=1","width":800,"height":800,"caption":"real pharm glutamine 500g"},{"@type":"BreadcrumbList","@id":"https:\/\/www.authenticanutrition.com\/index.php\/produit\/real-pharm-glutamine-500g\/#breadcrumb","itemListElement":[{"@type":"ListItem","position":1,"name":"Accueil","item":"https:\/\/www.authenticanutrition.com\/"},{"@type":"ListItem","position":2,"name":"Boutique","item":"https:\/\/www.authenticanutrition.com\/index.php\/boutique\/"},{"@type":"ListItem","position":3,"name":"Real pharm glutamine 500g"}]},{"@type":"WebSite","@id":"https:\/\/www.authenticanutrition.com\/#website","url":"https:\/\/www.authenticanutrition.com\/","name":"Authentica nutrition","description":"","publisher":{"@id":"https:\/\/www.authenticanutrition.com\/#organization"},"potentialAction":[{"@type":"SearchAction","target":{"@type":"EntryPoint","urlTemplate":"https:\/\/www.authenticanutrition.com\/?s={search_term_string}"},"query-input":{"@type":"PropertyValueSpecification","valueRequired":true,"valueName":"search_term_string"}}],"inLanguage":"fr-FR"},{"@type":"Organization","@id":"https:\/\/www.authenticanutrition.com\/#organization","name":"Authentica nutrition","url":"https:\/\/www.authenticanutrition.com\/","logo":{"@type":"ImageObject","inLanguage":"fr-FR","@id":"https:\/\/www.authenticanutrition.com\/#\/schema\/logo\/image\/","url":"https:\/\/www.authenticanutrition.com\/wp-content\/uploads\/2025\/07\/authantika-1.png","contentUrl":"https:\/\/www.authenticanutrition.com\/wp-content\/uploads\/2025\/07\/authantika-1.png","width":512,"height":512,"caption":"Authentica nutrition"},"image":{"@id":"https:\/\/www.authenticanutrition.com\/#\/schema\/logo\/image\/"},"sameAs":["https:\/\/www.facebook.com\/authenticanutrition?rdid=sd9vEoU5qlbx1xbW&share_url=httpswww.facebook.comshare14zMGfJi8S#"]}]}},"jetpack_sharing_enabled":true,"_links":{"self":[{"href":"https:\/\/www.authenticanutrition.com\/index.php\/wp-json\/wp\/v2\/product\/874","targetHints":{"allow":["GET"]}}],"collection":[{"href":"https:\/\/www.authenticanutrition.com\/index.php\/wp-json\/wp\/v2\/product"}],"about":[{"href":"https:\/\/www.authenticanutrition.com\/index.php\/wp-json\/wp\/v2\/types\/product"}],"replies":[{"embeddable":true,"href":"https:\/\/www.authenticanutrition.com\/index.php\/wp-json\/wp\/v2\/comments?post=874"}],"wp:featuredmedia":[{"embeddable":true,"href":"https:\/\/www.authenticanutrition.com\/index.php\/wp-json\/wp\/v2\/media\/875"}],"wp:attachment":[{"href":"https:\/\/www.authenticanutrition.com\/index.php\/wp-json\/wp\/v2\/media?parent=874"}],"wp:term":[{"taxonomy":"product_brand","embeddable":true,"href":"https:\/\/www.authenticanutrition.com\/index.php\/wp-json\/wp\/v2\/product_brand?post=874"},{"taxonomy":"product_cat","embeddable":true,"href":"https:\/\/www.authenticanutrition.com\/index.php\/wp-json\/wp\/v2\/product_cat?post=874"},{"taxonomy":"product_tag","embeddable":true,"href":"https:\/\/www.authenticanutrition.com\/index.php\/wp-json\/wp\/v2\/product_tag?post=874"}],"curies":[{"name":"wp","href":"https:\/\/api.w.org\/{rel}","templated":true}]}}