{"id":899,"date":"2025-07-17T12:20:07","date_gmt":"2025-07-17T10:20:07","guid":{"rendered":"https:\/\/www.authenticanutrition.com\/?post_type=product&#038;p=899"},"modified":"2025-08-19T14:55:56","modified_gmt":"2025-08-19T12:55:56","slug":"omega-3-6-9-real-pharm-90-capsules","status":"publish","type":"product","link":"https:\/\/www.authenticanutrition.com\/index.php\/produit\/omega-3-6-9-real-pharm-90-capsules\/","title":{"rendered":"Om\u00e9ga 3.6.9 &#8211; Real Pharm | 90 capsules"},"content":{"rendered":"<p data-start=\"60\" data-end=\"385\"><strong data-start=\"60\" data-end=\"75\">Omega 3-6-9<\/strong> est un compl\u00e9ment alimentaire premium, riche en acides gras essentiels. Ces nutriments jouent un r\u00f4le cl\u00e9 \u00e0 tout \u00e2ge et soutiennent le bon fonctionnement de l\u2019organisme au quotidien. Ils favorisent l\u2019\u00e9quilibre et am\u00e9liorent la performance de plusieurs organes vitaux tels que le c\u0153ur, le cerveau et le foie.<\/p>\n<p data-start=\"387\" data-end=\"417\"><strong data-start=\"389\" data-end=\"413\">Bienfaits principaux<\/strong> :<\/p>\n<ul data-start=\"418\" data-end=\"761\">\n<li data-start=\"418\" data-end=\"458\">\n<p data-start=\"420\" data-end=\"458\">Soutien de la sant\u00e9 cardiovasculaire<\/p>\n<\/li>\n<li data-start=\"459\" data-end=\"497\">\n<p data-start=\"461\" data-end=\"497\">R\u00e9duction des triglyc\u00e9rides \u00e9lev\u00e9s<\/p>\n<\/li>\n<li data-start=\"498\" data-end=\"531\">\n<p data-start=\"500\" data-end=\"531\">Aide \u00e0 r\u00e9guler le cholest\u00e9rol<\/p>\n<\/li>\n<li data-start=\"532\" data-end=\"589\">\n<p data-start=\"534\" data-end=\"589\">Contribution \u00e0 l\u2019abaissement de la tension art\u00e9rielle<\/p>\n<\/li>\n<li data-start=\"590\" data-end=\"645\">\n<p data-start=\"592\" data-end=\"645\">Pr\u00e9vention de l\u2019accumulation de plaques art\u00e9rielles<\/p>\n<\/li>\n<li data-start=\"646\" data-end=\"702\">\n<p data-start=\"648\" data-end=\"702\">R\u00e9duction des sympt\u00f4mes li\u00e9s au syndrome m\u00e9tabolique<\/p>\n<\/li>\n<li data-start=\"703\" data-end=\"761\">\n<p data-start=\"705\" data-end=\"761\">Diminution du risque de formation de caillots sanguins<\/p>\n<\/li>\n<\/ul>\n<p data-start=\"763\" data-end=\"859\">\ud83d\udca1 <strong data-start=\"766\" data-end=\"786\">Conseil du coach<\/strong> : 1 capsule par jour suffit pour profiter pleinement de ses bienfaits.<\/p>\n","protected":false},"excerpt":{"rendered":"<p>Omega 3-6-9 est un compl\u00e9ment alimentaire premium, riche en acides gras essentiels. Ces nutriments jouent un r\u00f4le cl\u00e9 \u00e0 tout [&hellip;]<\/p>\n","protected":false},"featured_media":900,"comment_status":"open","ping_status":"closed","template":"","meta":{"site-sidebar-layout":"default","site-content-layout":"","ast-site-content-layout":"default","site-content-style":"default","site-sidebar-style":"default","ast-global-header-display":"","ast-banner-title-visibility":"","ast-main-header-display":"","ast-hfb-above-header-display":"","ast-hfb-below-header-display":"","ast-hfb-mobile-header-display":"","site-post-title":"","ast-breadcrumbs-content":"","ast-featured-img":"","footer-sml-layout":"","ast-disable-related-posts":"","theme-transparent-header-meta":"default","adv-header-id-meta":"","stick-header-meta":"","header-above-stick-meta":"","header-main-stick-meta":"","header-below-stick-meta":"","astra-migrate-meta-layouts":"set","ast-page-background-enabled":"default","ast-page-background-meta":{"desktop":{"background-color":"var(--ast-global-color-5)","background-image":"","background-repeat":"repeat","background-position":"center center","background-size":"auto","background-attachment":"scroll","background-type":"","background-media":"","overlay-type":"","overlay-color":"","overlay-opacity":"","overlay-gradient":""},"tablet":{"background-color":"","background-image":"","background-repeat":"repeat","background-position":"center center","background-size":"auto","background-attachment":"scroll","background-type":"","background-media":"","overlay-type":"","overlay-color":"","overlay-opacity":"","overlay-gradient":""},"mobile":{"background-color":"","background-image":"","background-repeat":"repeat","background-position":"center center","background-size":"auto","background-attachment":"scroll","background-type":"","background-media":"","overlay-type":"","overlay-color":"","overlay-opacity":"","overlay-gradient":""}},"ast-content-background-meta":{"desktop":{"background-color":"var(--ast-global-color-4)","background-image":"","background-repeat":"repeat","background-position":"center center","background-size":"auto","background-attachment":"scroll","background-type":"","background-media":"","overlay-type":"","overlay-color":"","overlay-opacity":"","overlay-gradient":""},"tablet":{"background-color":"var(--ast-global-color-4)","background-image":"","background-repeat":"repeat","background-position":"center center","background-size":"auto","background-attachment":"scroll","background-type":"","background-media":"","overlay-type":"","overlay-color":"","overlay-opacity":"","overlay-gradient":""},"mobile":{"background-color":"var(--ast-global-color-4)","background-image":"","background-repeat":"repeat","background-position":"center center","background-size":"auto","background-attachment":"scroll","background-type":"","background-media":"","overlay-type":"","overlay-color":"","overlay-opacity":"","overlay-gradient":""}}},"product_brand":[34],"product_cat":[25],"product_tag":[],"class_list":{"0":"post-899","1":"product","2":"type-product","3":"status-publish","4":"has-post-thumbnail","6":"product_brand-real-pharm","7":"product_cat-multi-vitamins","8":"desktop-align-left","9":"tablet-align-left","10":"mobile-align-left","12":"first","13":"instock","14":"shipping-taxable","15":"purchasable","16":"product-type-simple"},"yoast_head":"<!-- This site is optimized with the Yoast SEO plugin v26.5 - https:\/\/yoast.com\/wordpress\/plugins\/seo\/ -->\n<title>Om\u00e9ga 3.6.9 - Real Pharm | 90 capsules - Authentica nutrition<\/title>\n<meta name=\"robots\" content=\"index, follow, max-snippet:-1, max-image-preview:large, max-video-preview:-1\" \/>\n<link rel=\"canonical\" href=\"https:\/\/www.authenticanutrition.com\/index.php\/produit\/omega-3-6-9-real-pharm-90-capsules\/\" \/>\n<meta property=\"og:locale\" content=\"fr_FR\" \/>\n<meta property=\"og:type\" content=\"article\" \/>\n<meta property=\"og:title\" content=\"Om\u00e9ga 3.6.9 - Real Pharm | 90 capsules - Authentica nutrition\" \/>\n<meta property=\"og:description\" content=\"Omega 3-6-9 est un compl\u00e9ment alimentaire premium, riche en acides gras essentiels. Ces nutriments jouent un r\u00f4le cl\u00e9 \u00e0 tout [&hellip;]\" \/>\n<meta property=\"og:url\" content=\"https:\/\/www.authenticanutrition.com\/index.php\/produit\/omega-3-6-9-real-pharm-90-capsules\/\" \/>\n<meta property=\"og:site_name\" content=\"Authentica nutrition\" \/>\n<meta property=\"article:publisher\" content=\"https:\/\/www.facebook.com\/authenticanutrition?rdid=sd9vEoU5qlbx1xbW&amp;share_url=httpswww.facebook.comshare14zMGfJi8S#\" \/>\n<meta property=\"article:modified_time\" content=\"2025-08-19T12:55:56+00:00\" \/>\n<meta property=\"og:image\" content=\"https:\/\/www.authenticanutrition.com\/wp-content\/uploads\/2025\/07\/omega-3-6-9-90-real.png\" \/>\n\t<meta property=\"og:image:width\" content=\"800\" \/>\n\t<meta property=\"og:image:height\" content=\"800\" \/>\n\t<meta property=\"og:image:type\" content=\"image\/png\" \/>\n<meta name=\"twitter:card\" content=\"summary_large_image\" \/>\n<meta name=\"twitter:label1\" content=\"Dur\u00e9e de lecture estim\u00e9e\" \/>\n\t<meta name=\"twitter:data1\" content=\"1 minute\" \/>\n<script type=\"application\/ld+json\" class=\"yoast-schema-graph\">{\"@context\":\"https:\/\/schema.org\",\"@graph\":[{\"@type\":\"WebPage\",\"@id\":\"https:\/\/www.authenticanutrition.com\/index.php\/produit\/omega-3-6-9-real-pharm-90-capsules\/\",\"url\":\"https:\/\/www.authenticanutrition.com\/index.php\/produit\/omega-3-6-9-real-pharm-90-capsules\/\",\"name\":\"Om\u00e9ga 3.6.9 - Real Pharm | 90 capsules - Authentica nutrition\",\"isPartOf\":{\"@id\":\"https:\/\/www.authenticanutrition.com\/#website\"},\"primaryImageOfPage\":{\"@id\":\"https:\/\/www.authenticanutrition.com\/index.php\/produit\/omega-3-6-9-real-pharm-90-capsules\/#primaryimage\"},\"image\":{\"@id\":\"https:\/\/www.authenticanutrition.com\/index.php\/produit\/omega-3-6-9-real-pharm-90-capsules\/#primaryimage\"},\"thumbnailUrl\":\"https:\/\/i0.wp.com\/www.authenticanutrition.com\/wp-content\/uploads\/2025\/07\/omega-3-6-9-90-real.png?fit=800%2C800&ssl=1\",\"datePublished\":\"2025-07-17T10:20:07+00:00\",\"dateModified\":\"2025-08-19T12:55:56+00:00\",\"breadcrumb\":{\"@id\":\"https:\/\/www.authenticanutrition.com\/index.php\/produit\/omega-3-6-9-real-pharm-90-capsules\/#breadcrumb\"},\"inLanguage\":\"fr-FR\",\"potentialAction\":[{\"@type\":\"ReadAction\",\"target\":[\"https:\/\/www.authenticanutrition.com\/index.php\/produit\/omega-3-6-9-real-pharm-90-capsules\/\"]}]},{\"@type\":\"ImageObject\",\"inLanguage\":\"fr-FR\",\"@id\":\"https:\/\/www.authenticanutrition.com\/index.php\/produit\/omega-3-6-9-real-pharm-90-capsules\/#primaryimage\",\"url\":\"https:\/\/i0.wp.com\/www.authenticanutrition.com\/wp-content\/uploads\/2025\/07\/omega-3-6-9-90-real.png?fit=800%2C800&ssl=1\",\"contentUrl\":\"https:\/\/i0.wp.com\/www.authenticanutrition.com\/wp-content\/uploads\/2025\/07\/omega-3-6-9-90-real.png?fit=800%2C800&ssl=1\",\"width\":800,\"height\":800},{\"@type\":\"BreadcrumbList\",\"@id\":\"https:\/\/www.authenticanutrition.com\/index.php\/produit\/omega-3-6-9-real-pharm-90-capsules\/#breadcrumb\",\"itemListElement\":[{\"@type\":\"ListItem\",\"position\":1,\"name\":\"Accueil\",\"item\":\"https:\/\/www.authenticanutrition.com\/\"},{\"@type\":\"ListItem\",\"position\":2,\"name\":\"Boutique\",\"item\":\"https:\/\/www.authenticanutrition.com\/index.php\/boutique\/\"},{\"@type\":\"ListItem\",\"position\":3,\"name\":\"Om\u00e9ga 3.6.9 &#8211; Real Pharm | 90 capsules\"}]},{\"@type\":\"WebSite\",\"@id\":\"https:\/\/www.authenticanutrition.com\/#website\",\"url\":\"https:\/\/www.authenticanutrition.com\/\",\"name\":\"Authentica nutrition\",\"description\":\"\",\"publisher\":{\"@id\":\"https:\/\/www.authenticanutrition.com\/#organization\"},\"potentialAction\":[{\"@type\":\"SearchAction\",\"target\":{\"@type\":\"EntryPoint\",\"urlTemplate\":\"https:\/\/www.authenticanutrition.com\/?s={search_term_string}\"},\"query-input\":{\"@type\":\"PropertyValueSpecification\",\"valueRequired\":true,\"valueName\":\"search_term_string\"}}],\"inLanguage\":\"fr-FR\"},{\"@type\":\"Organization\",\"@id\":\"https:\/\/www.authenticanutrition.com\/#organization\",\"name\":\"Authentica nutrition\",\"url\":\"https:\/\/www.authenticanutrition.com\/\",\"logo\":{\"@type\":\"ImageObject\",\"inLanguage\":\"fr-FR\",\"@id\":\"https:\/\/www.authenticanutrition.com\/#\/schema\/logo\/image\/\",\"url\":\"https:\/\/www.authenticanutrition.com\/wp-content\/uploads\/2025\/07\/authantika-1.png\",\"contentUrl\":\"https:\/\/www.authenticanutrition.com\/wp-content\/uploads\/2025\/07\/authantika-1.png\",\"width\":512,\"height\":512,\"caption\":\"Authentica nutrition\"},\"image\":{\"@id\":\"https:\/\/www.authenticanutrition.com\/#\/schema\/logo\/image\/\"},\"sameAs\":[\"https:\/\/www.facebook.com\/authenticanutrition?rdid=sd9vEoU5qlbx1xbW&share_url=httpswww.facebook.comshare14zMGfJi8S#\"]}]}<\/script>\n<!-- \/ Yoast SEO plugin. -->","yoast_head_json":{"title":"Om\u00e9ga 3.6.9 - Real Pharm | 90 capsules - Authentica nutrition","robots":{"index":"index","follow":"follow","max-snippet":"max-snippet:-1","max-image-preview":"max-image-preview:large","max-video-preview":"max-video-preview:-1"},"canonical":"https:\/\/www.authenticanutrition.com\/index.php\/produit\/omega-3-6-9-real-pharm-90-capsules\/","og_locale":"fr_FR","og_type":"article","og_title":"Om\u00e9ga 3.6.9 - Real Pharm | 90 capsules - Authentica nutrition","og_description":"Omega 3-6-9 est un compl\u00e9ment alimentaire premium, riche en acides gras essentiels. Ces nutriments jouent un r\u00f4le cl\u00e9 \u00e0 tout [&hellip;]","og_url":"https:\/\/www.authenticanutrition.com\/index.php\/produit\/omega-3-6-9-real-pharm-90-capsules\/","og_site_name":"Authentica nutrition","article_publisher":"https:\/\/www.facebook.com\/authenticanutrition?rdid=sd9vEoU5qlbx1xbW&share_url=httpswww.facebook.comshare14zMGfJi8S#","article_modified_time":"2025-08-19T12:55:56+00:00","og_image":[{"width":800,"height":800,"url":"https:\/\/www.authenticanutrition.com\/wp-content\/uploads\/2025\/07\/omega-3-6-9-90-real.png","type":"image\/png"}],"twitter_card":"summary_large_image","twitter_misc":{"Dur\u00e9e de lecture estim\u00e9e":"1 minute"},"schema":{"@context":"https:\/\/schema.org","@graph":[{"@type":"WebPage","@id":"https:\/\/www.authenticanutrition.com\/index.php\/produit\/omega-3-6-9-real-pharm-90-capsules\/","url":"https:\/\/www.authenticanutrition.com\/index.php\/produit\/omega-3-6-9-real-pharm-90-capsules\/","name":"Om\u00e9ga 3.6.9 - Real Pharm | 90 capsules - Authentica nutrition","isPartOf":{"@id":"https:\/\/www.authenticanutrition.com\/#website"},"primaryImageOfPage":{"@id":"https:\/\/www.authenticanutrition.com\/index.php\/produit\/omega-3-6-9-real-pharm-90-capsules\/#primaryimage"},"image":{"@id":"https:\/\/www.authenticanutrition.com\/index.php\/produit\/omega-3-6-9-real-pharm-90-capsules\/#primaryimage"},"thumbnailUrl":"https:\/\/i0.wp.com\/www.authenticanutrition.com\/wp-content\/uploads\/2025\/07\/omega-3-6-9-90-real.png?fit=800%2C800&ssl=1","datePublished":"2025-07-17T10:20:07+00:00","dateModified":"2025-08-19T12:55:56+00:00","breadcrumb":{"@id":"https:\/\/www.authenticanutrition.com\/index.php\/produit\/omega-3-6-9-real-pharm-90-capsules\/#breadcrumb"},"inLanguage":"fr-FR","potentialAction":[{"@type":"ReadAction","target":["https:\/\/www.authenticanutrition.com\/index.php\/produit\/omega-3-6-9-real-pharm-90-capsules\/"]}]},{"@type":"ImageObject","inLanguage":"fr-FR","@id":"https:\/\/www.authenticanutrition.com\/index.php\/produit\/omega-3-6-9-real-pharm-90-capsules\/#primaryimage","url":"https:\/\/i0.wp.com\/www.authenticanutrition.com\/wp-content\/uploads\/2025\/07\/omega-3-6-9-90-real.png?fit=800%2C800&ssl=1","contentUrl":"https:\/\/i0.wp.com\/www.authenticanutrition.com\/wp-content\/uploads\/2025\/07\/omega-3-6-9-90-real.png?fit=800%2C800&ssl=1","width":800,"height":800},{"@type":"BreadcrumbList","@id":"https:\/\/www.authenticanutrition.com\/index.php\/produit\/omega-3-6-9-real-pharm-90-capsules\/#breadcrumb","itemListElement":[{"@type":"ListItem","position":1,"name":"Accueil","item":"https:\/\/www.authenticanutrition.com\/"},{"@type":"ListItem","position":2,"name":"Boutique","item":"https:\/\/www.authenticanutrition.com\/index.php\/boutique\/"},{"@type":"ListItem","position":3,"name":"Om\u00e9ga 3.6.9 &#8211; Real Pharm | 90 capsules"}]},{"@type":"WebSite","@id":"https:\/\/www.authenticanutrition.com\/#website","url":"https:\/\/www.authenticanutrition.com\/","name":"Authentica nutrition","description":"","publisher":{"@id":"https:\/\/www.authenticanutrition.com\/#organization"},"potentialAction":[{"@type":"SearchAction","target":{"@type":"EntryPoint","urlTemplate":"https:\/\/www.authenticanutrition.com\/?s={search_term_string}"},"query-input":{"@type":"PropertyValueSpecification","valueRequired":true,"valueName":"search_term_string"}}],"inLanguage":"fr-FR"},{"@type":"Organization","@id":"https:\/\/www.authenticanutrition.com\/#organization","name":"Authentica nutrition","url":"https:\/\/www.authenticanutrition.com\/","logo":{"@type":"ImageObject","inLanguage":"fr-FR","@id":"https:\/\/www.authenticanutrition.com\/#\/schema\/logo\/image\/","url":"https:\/\/www.authenticanutrition.com\/wp-content\/uploads\/2025\/07\/authantika-1.png","contentUrl":"https:\/\/www.authenticanutrition.com\/wp-content\/uploads\/2025\/07\/authantika-1.png","width":512,"height":512,"caption":"Authentica nutrition"},"image":{"@id":"https:\/\/www.authenticanutrition.com\/#\/schema\/logo\/image\/"},"sameAs":["https:\/\/www.facebook.com\/authenticanutrition?rdid=sd9vEoU5qlbx1xbW&share_url=httpswww.facebook.comshare14zMGfJi8S#"]}]}},"jetpack_sharing_enabled":true,"_links":{"self":[{"href":"https:\/\/www.authenticanutrition.com\/index.php\/wp-json\/wp\/v2\/product\/899","targetHints":{"allow":["GET"]}}],"collection":[{"href":"https:\/\/www.authenticanutrition.com\/index.php\/wp-json\/wp\/v2\/product"}],"about":[{"href":"https:\/\/www.authenticanutrition.com\/index.php\/wp-json\/wp\/v2\/types\/product"}],"replies":[{"embeddable":true,"href":"https:\/\/www.authenticanutrition.com\/index.php\/wp-json\/wp\/v2\/comments?post=899"}],"wp:featuredmedia":[{"embeddable":true,"href":"https:\/\/www.authenticanutrition.com\/index.php\/wp-json\/wp\/v2\/media\/900"}],"wp:attachment":[{"href":"https:\/\/www.authenticanutrition.com\/index.php\/wp-json\/wp\/v2\/media?parent=899"}],"wp:term":[{"taxonomy":"product_brand","embeddable":true,"href":"https:\/\/www.authenticanutrition.com\/index.php\/wp-json\/wp\/v2\/product_brand?post=899"},{"taxonomy":"product_cat","embeddable":true,"href":"https:\/\/www.authenticanutrition.com\/index.php\/wp-json\/wp\/v2\/product_cat?post=899"},{"taxonomy":"product_tag","embeddable":true,"href":"https:\/\/www.authenticanutrition.com\/index.php\/wp-json\/wp\/v2\/product_tag?post=899"}],"curies":[{"name":"wp","href":"https:\/\/api.w.org\/{rel}","templated":true}]}}